{"id":4857,"date":"2024-06-09T10:19:42","date_gmt":"2024-06-09T10:19:42","guid":{"rendered":"https:\/\/priorityexpress.ca\/contact\/"},"modified":"2025-01-28T21:13:08","modified_gmt":"2025-01-28T21:13:08","slug":"contact","status":"publish","type":"page","link":"https:\/\/priorityexpress.ca\/fr\/contact\/","title":{"rendered":"Contact"},"content":{"rendered":"\t\t<div data-elementor-type=\"wp-page\" data-elementor-id=\"4857\" class=\"elementor elementor-4857 elementor-65\">\n\t\t\t\t\t\t<section class=\"elementor-section elementor-top-section elementor-element elementor-element-d9ff6fb elementor-section-boxed elementor-section-height-default elementor-section-height-default\" data-id=\"d9ff6fb\" data-element_type=\"section\">\n\t\t\t\t\t\t<div class=\"elementor-container elementor-column-gap-default\">\n\t\t\t\t\t<div class=\"elementor-column elementor-col-33 elementor-top-column elementor-element elementor-element-12f7eeb\" data-id=\"12f7eeb\" data-element_type=\"column\">\n\t\t\t<div class=\"elementor-widget-wrap elementor-element-populated\">\n\t\t\t\t\t\t<div class=\"elementor-element elementor-element-0901c27 elementor-widget elementor-widget-tx_contact_info elh-el tx_contact_info\" data-id=\"0901c27\" data-element_type=\"widget\" data-settings=\"{&quot;design_style&quot;:&quot;style_4&quot;}\" data-widget_type=\"tx_contact_info.default\">\n\t\t\t\t<div class=\"elementor-widget-container\">\n\t\t\t\t\t<div class=\"log-contact-info-item position-relative\">\r\n\r\n        <span class=\"info-bg position-absolute\">\r\n        <img decoding=\"async\" src=\"https:\/\/priorityexpress.ca\/wp-content\/uploads\/2024\/07\/blg11.webp\" alt=\"blg11\">\r\n    <\/span>\r\n    \r\n        <div class=\"inner-icon d-flex align-items-center justify-content-center\">\r\n        <i aria-hidden=\"true\" class=\"flaticon flaticon-mail\"><\/i>    <\/div>\r\n        <div class=\"inner-text headline pera-content\">\r\n                <h3>Adresse courriel<\/h3>\r\n        \r\n        <p><a href=\"mailto:dispatchteam@priorityexpress.ca\">dispatchteam@priorityexpress.ca<\/a><\/p><p><a href=\"mailto:rates@priorityexpress.ca\">rates@priorityexpress.ca<\/a><\/p>    <\/div>\r\n<\/div>\t\t\t\t<\/div>\n\t\t\t\t<\/div>\n\t\t\t\t\t<\/div>\n\t\t<\/div>\n\t\t\t\t<div class=\"elementor-column elementor-col-33 elementor-top-column elementor-element elementor-element-a588dcd\" data-id=\"a588dcd\" data-element_type=\"column\">\n\t\t\t<div class=\"elementor-widget-wrap elementor-element-populated\">\n\t\t\t\t\t\t<div class=\"elementor-element elementor-element-88c6302 elementor-widget elementor-widget-tx_contact_info elh-el tx_contact_info\" data-id=\"88c6302\" data-element_type=\"widget\" data-settings=\"{&quot;design_style&quot;:&quot;style_4&quot;}\" data-widget_type=\"tx_contact_info.default\">\n\t\t\t\t<div class=\"elementor-widget-container\">\n\t\t\t\t\t<div class=\"log-contact-info-item position-relative\">\r\n\r\n        <span class=\"info-bg position-absolute\">\r\n        <img decoding=\"async\" src=\"https:\/\/priorityexpress.ca\/wp-content\/uploads\/2024\/07\/blg11.webp\" alt=\"blg11\">\r\n    <\/span>\r\n    \r\n        <div class=\"inner-icon d-flex align-items-center justify-content-center\">\r\n        <i aria-hidden=\"true\" class=\"flaticon flaticon-telephone\"><\/i>    <\/div>\r\n        <div class=\"inner-text headline pera-content\">\r\n                <h3>T\u00e9l\u00e9phoner<\/h3>\r\n        \r\n        <p><a href=\"tel:5146315058\">514-631-5058<\/a><\/p>    <\/div>\r\n<\/div>\t\t\t\t<\/div>\n\t\t\t\t<\/div>\n\t\t\t\t\t<\/div>\n\t\t<\/div>\n\t\t\t\t<div class=\"elementor-column elementor-col-33 elementor-top-column elementor-element elementor-element-e1c49ea\" data-id=\"e1c49ea\" data-element_type=\"column\">\n\t\t\t<div class=\"elementor-widget-wrap elementor-element-populated\">\n\t\t\t\t\t\t<div class=\"elementor-element elementor-element-710194e elementor-widget elementor-widget-tx_contact_info elh-el tx_contact_info\" data-id=\"710194e\" data-element_type=\"widget\" data-settings=\"{&quot;design_style&quot;:&quot;style_4&quot;}\" data-widget_type=\"tx_contact_info.default\">\n\t\t\t\t<div class=\"elementor-widget-container\">\n\t\t\t\t\t<div class=\"log-contact-info-item position-relative\">\r\n\r\n        <span class=\"info-bg position-absolute\">\r\n        <img decoding=\"async\" src=\"https:\/\/priorityexpress.ca\/wp-content\/uploads\/2024\/07\/blg11.webp\" alt=\"blg11\">\r\n    <\/span>\r\n    \r\n        <div class=\"inner-icon d-flex align-items-center justify-content-center\">\r\n        <i aria-hidden=\"true\" class=\"fas fa-map-marker-alt\"><\/i>    <\/div>\r\n        <div class=\"inner-text headline pera-content\">\r\n                <h3>Adresse<\/h3>\r\n        \r\n        <p><strong>Si\u00e8ge social et entrep\u00f4t principal :<\/strong> 2001 Bd des Sources #100, Pointe-Claire, QC H9R 5Z4<\/p><p><strong>Entrep\u00f4t sous douane:<\/strong> 5875 Rue Kieran, Montreal, QC H4S 2B5<\/p>    <\/div>\r\n<\/div>\t\t\t\t<\/div>\n\t\t\t\t<\/div>\n\t\t\t\t\t<\/div>\n\t\t<\/div>\n\t\t\t\t\t<\/div>\n\t\t<\/section>\n\t\t\t\t<section class=\"elementor-section elementor-top-section elementor-element elementor-element-5895bcd elementor-section-boxed elementor-section-height-default elementor-section-height-default\" data-id=\"5895bcd\" data-element_type=\"section\">\n\t\t\t\t\t\t<div class=\"elementor-container elementor-column-gap-default\">\n\t\t\t\t\t<div class=\"elementor-column elementor-col-100 elementor-top-column elementor-element elementor-element-33ee867\" data-id=\"33ee867\" data-element_type=\"column\">\n\t\t\t<div class=\"elementor-widget-wrap elementor-element-populated\">\n\t\t\t\t\t\t<section class=\"elementor-section elementor-inner-section elementor-element elementor-element-c3717d6 elementor-section-full_width elementor-section-height-default elementor-section-height-default\" data-id=\"c3717d6\" data-element_type=\"section\" data-settings=\"{&quot;background_background&quot;:&quot;classic&quot;}\">\n\t\t\t\t\t\t<div class=\"elementor-container elementor-column-gap-default\">\n\t\t\t\t\t<div class=\"elementor-column elementor-col-100 elementor-inner-column elementor-element elementor-element-5364ea0\" data-id=\"5364ea0\" data-element_type=\"column\">\n\t\t\t<div class=\"elementor-widget-wrap elementor-element-populated\">\n\t\t\t\t\t\t<div class=\"elementor-element elementor-element-c97cc6e elementor-widget elementor-widget-heading\" data-id=\"c97cc6e\" data-element_type=\"widget\" data-widget_type=\"heading.default\">\n\t\t\t\t<div class=\"elementor-widget-container\">\n\t\t\t\t\t<h2 class=\"elementor-heading-title elementor-size-default\">Nous contacter<\/h2>\t\t\t\t<\/div>\n\t\t\t\t<\/div>\n\t\t\t\t<div class=\"elementor-element elementor-element-ba27e2b elementor-widget elementor-widget-shortcode\" data-id=\"ba27e2b\" data-element_type=\"widget\" data-widget_type=\"shortcode.default\">\n\t\t\t\t<div class=\"elementor-widget-container\">\n\t\t\t\t\t\t\t<div class=\"elementor-shortcode\">\n<div class=\"wpcf7 no-js\" id=\"wpcf7-f4967-o1\" lang=\"fr-FR\" dir=\"ltr\" data-wpcf7-id=\"4967\">\n<div class=\"screen-reader-response\"><p role=\"status\" aria-live=\"polite\" aria-atomic=\"true\"><\/p> <ul><\/ul><\/div>\n<form action=\"\/fr\/wp-json\/wp\/v2\/pages\/4857#wpcf7-f4967-o1\" method=\"post\" class=\"wpcf7-form init\" aria-label=\"Formulaire de contact\" novalidate=\"novalidate\" data-status=\"init\">\n<div style=\"display: none;\">\n<input type=\"hidden\" name=\"_wpcf7\" value=\"4967\" \/>\n<input type=\"hidden\" name=\"_wpcf7_version\" value=\"6.0.2\" \/>\n<input type=\"hidden\" name=\"_wpcf7_locale\" value=\"fr_FR\" \/>\n<input type=\"hidden\" name=\"_wpcf7_unit_tag\" value=\"wpcf7-f4967-o1\" \/>\n<input type=\"hidden\" name=\"_wpcf7_container_post\" value=\"0\" \/>\n<input type=\"hidden\" name=\"_wpcf7_posted_data_hash\" value=\"\" \/>\n<input type=\"hidden\" name=\"_wpcf7_recaptcha_response\" value=\"\" \/>\n<\/div>\n<div class=\"log-team-contact-form\">\n    <div class=\"row\">\n        <div class=\"col-lg-6 mt-20\">\n            <span class=\"wpcf7-form-control-wrap\" data-name=\"your-name\"><input size=\"40\" maxlength=\"400\" class=\"wpcf7-form-control wpcf7-text wpcf7-validates-as-required\" aria-required=\"true\" aria-invalid=\"false\" placeholder=\"Nom complet*\" value=\"\" type=\"text\" name=\"your-name\" \/><\/span>\n        <\/div>\n        <div class=\"col-lg-6 mt-20\">\n            <span class=\"wpcf7-form-control-wrap\" data-name=\"your-phone\"><input size=\"40\" maxlength=\"400\" class=\"wpcf7-form-control wpcf7-tel wpcf7-validates-as-required wpcf7-text wpcf7-validates-as-tel\" aria-required=\"true\" aria-invalid=\"false\" placeholder=\"T\u00e9l\u00e9phone*\" value=\"\" type=\"tel\" name=\"your-phone\" \/><\/span>\n        <\/div>\n        <div class=\"col-lg-6 mt-20\">     \n            <span class=\"wpcf7-form-control-wrap\" data-name=\"your-email\"><input size=\"40\" maxlength=\"400\" class=\"wpcf7-form-control wpcf7-email wpcf7-validates-as-required wpcf7-text wpcf7-validates-as-email\" aria-required=\"true\" aria-invalid=\"false\" placeholder=\"Adresse courriel*\" value=\"\" type=\"email\" name=\"your-email\" \/><\/span>\n        <\/div>\n        <div class=\"col-lg-6 mt-20\">\n            <span class=\"wpcf7-form-control-wrap\" data-name=\"your-service\"><select class=\"wpcf7-form-control wpcf7-select\" aria-invalid=\"false\" name=\"your-service\"><option value=\"\">Choisir un service<\/option><option value=\"Transport\">Transport<\/option><option value=\"Manutention\">Manutention<\/option><option value=\"Entreposage\">Entreposage<\/option><option value=\"D\u00e9contamination\">D\u00e9contamination<\/option><option value=\"Petits colis\">Petits colis<\/option><option value=\"Logistiques\">Logistiques<\/option><\/select><\/span>\n        <\/div>\n        <div class=\"col-lg-12 mt-20\">\n            <span class=\"wpcf7-form-control-wrap\" data-name=\"your-message\"><textarea cols=\"40\" rows=\"10\" maxlength=\"2000\" class=\"wpcf7-form-control wpcf7-textarea\" aria-invalid=\"false\" placeholder=\"Autres informations\" name=\"your-message\"><\/textarea><\/span>\n        <\/div>\n        <div class=\"col-lg-12 mt-20\">\n            <div class=\"laa-blog-1-all-btn text-center\">\n\t\t\t\t\t<button type=\"submit\" aria-label=\"submit\" class=\"laa-pr-btn-1\">\n\t\t\t\t\t\t<span class=\"laa-pr-btn-1-left\">\n\t\t\t\t\t\t\t<span class=\"text\" data-back=\"Envoyer\" data-front=\"Envoyer\"><\/span>\n\t\t\t\t\t\t<\/span>\n\t\t\t\t\t\t<span class=\"laa-pr-btn-1-right\">\n\t\t\t\t\t\t\t<span class=\"icon\">\n\t\t\t\t\t\t\t\t<i class=\"fas fa-chevron-right\"><\/i>\n\t\t\t\t\t\t\t\t<i class=\"fas fa-chevron-right\"><\/i>\n\t\t\t\t\t\t\t<\/span>\n\t\t\t\t\t\t<\/span>\n\t\t\t\t\t\t<svg xmlns=\"http:\/\/www.w3.org\/2000\/svg\" version=\"1.1\" width=\"66\" height=\"56\">\n\t\t\t\t\t\t\t<path d=\"M0 0 C18 0 18 0 24 5 C25.2375 6.36125 25.2375 6.36125 26.5 7.75 C29.50931691 10.45838522 30.96747938 11 35 11 C40.56331003 9.41048285 43.23564194 7.07207047 46.73828125 2.5234375 C48 1 48 1 50 0 C55.28 0 60.56 0 66 0 C66 18.48 66 36.96 66 56 C50 56 50 56 44 51 C43.175 50.0925 42.35 49.185 41.5 48.25 C38.49068309 45.54161478 37.03252062 45 33 45 C27.43668997 46.58951715 24.76435806 48.92792953 21.26171875 53.4765625 C20 55 20 55 18 56 C12.06 56 6.12 56 0 56 C0 37.52 0 19.04 0 0 Z \" fill=\"#192C4D\" transform=\"translate(0,0)\"><\/path>\n\t\t\t\t\t\t<\/svg>\n\t\t\t\t\t<\/button>\n\t\t\t\t<\/div>\n        <\/div>\n    <\/div>\n<\/div><div class=\"wpcf7-response-output\" aria-hidden=\"true\"><\/div>\n<\/form>\n<\/div>\n<\/div>\n\t\t\t\t\t\t<\/div>\n\t\t\t\t<\/div>\n\t\t\t\t\t<\/div>\n\t\t<\/div>\n\t\t\t\t\t<\/div>\n\t\t<\/section>\n\t\t\t\t\t<\/div>\n\t\t<\/div>\n\t\t\t\t\t<\/div>\n\t\t<\/section>\n\t\t\t\t<section class=\"elementor-section elementor-top-section elementor-element elementor-element-cc895bf elementor-section-full_width elementor-section-height-default elementor-section-height-default\" data-id=\"cc895bf\" data-element_type=\"section\">\n\t\t\t\t\t\t<div class=\"elementor-container elementor-column-gap-default\">\n\t\t\t\t\t<div class=\"elementor-column elementor-col-100 elementor-top-column elementor-element elementor-element-ed484ff\" data-id=\"ed484ff\" data-element_type=\"column\">\n\t\t\t<div class=\"elementor-widget-wrap elementor-element-populated\">\n\t\t\t\t\t\t<div class=\"elementor-element elementor-element-9a0bf8f elementor-widget elementor-widget-html\" data-id=\"9a0bf8f\" data-element_type=\"widget\" data-widget_type=\"html.default\">\n\t\t\t\t<div class=\"elementor-widget-container\">\n\t\t\t\t\t<iframe src=\"https:\/\/www.google.com\/maps\/d\/u\/0\/embed?mid=1tiz0y27_P16TTzTbTgwfKs5MUBjqe1c&ehbc=2E312F&noprof=1\" width=\"100%\" height=\"550\"><\/iframe>\t\t\t\t<\/div>\n\t\t\t\t<\/div>\n\t\t\t\t\t<\/div>\n\t\t<\/div>\n\t\t\t\t\t<\/div>\n\t\t<\/section>\n\t\t\t\t<\/div>\n\t\t","protected":false},"excerpt":{"rendered":"<p>Adresse courriel dispatchteam@priorityexpress.ca rates@priorityexpress.ca T\u00e9l\u00e9phoner 514-631-5058 Adresse Si\u00e8ge social et entrep\u00f4t principal : 2001 Bd des Sources #100, Pointe-Claire, QC H9R 5Z4 Entrep\u00f4t sous douane: 5875 Rue Kieran, Montreal, QC H4S 2B5 Nous contacter<\/p>\n","protected":false},"author":3,"featured_media":0,"parent":0,"menu_order":0,"comment_status":"closed","ping_status":"closed","template":"elementor_header_footer","meta":{"inline_featured_image":false,"footnotes":""},"class_list":["post-4857","page","type-page","status-publish","hentry"],"yoast_head":"<!-- This site is optimized with the Yoast SEO plugin v24.1 - https:\/\/yoast.com\/wordpress\/plugins\/seo\/ -->\n<title>Contact - Priority Express<\/title>\n<meta name=\"robots\" content=\"index, follow, max-snippet:-1, max-image-preview:large, max-video-preview:-1\" \/>\n<link rel=\"canonical\" href=\"https:\/\/priorityexpress.ca\/fr\/contact\/\" \/>\n<meta property=\"og:locale\" content=\"fr_FR\" \/>\n<meta property=\"og:type\" content=\"article\" \/>\n<meta property=\"og:title\" content=\"Contact - Priority Express\" \/>\n<meta property=\"og:description\" content=\"Adresse courriel dispatchteam@priorityexpress.ca rates@priorityexpress.ca T\u00e9l\u00e9phoner 514-631-5058 Adresse Si\u00e8ge social et entrep\u00f4t principal : 2001 Bd des Sources #100, Pointe-Claire, QC H9R 5Z4 Entrep\u00f4t sous douane: 5875 Rue Kieran, Montreal, QC H4S 2B5 Nous contacter\" \/>\n<meta property=\"og:url\" content=\"https:\/\/priorityexpress.ca\/fr\/contact\/\" \/>\n<meta property=\"og:site_name\" content=\"Priority Express\" \/>\n<meta property=\"article:modified_time\" content=\"2025-01-28T21:13:08+00:00\" \/>\n<meta property=\"og:image\" content=\"https:\/\/priorityexpress.ca\/wp-content\/uploads\/2024\/07\/blg11.webp\" \/>\n<meta name=\"twitter:card\" content=\"summary_large_image\" \/>\n<meta name=\"twitter:label1\" content=\"Dur\u00e9e de lecture estim\u00e9e\" \/>\n\t<meta name=\"twitter:data1\" content=\"1 minute\" \/>\n<script type=\"application\/ld+json\" class=\"yoast-schema-graph\">{\"@context\":\"https:\/\/schema.org\",\"@graph\":[{\"@type\":\"WebPage\",\"@id\":\"https:\/\/priorityexpress.ca\/fr\/contact\/\",\"url\":\"https:\/\/priorityexpress.ca\/fr\/contact\/\",\"name\":\"Contact - Priority Express\",\"isPartOf\":{\"@id\":\"https:\/\/priorityexpress.ca\/#website\"},\"primaryImageOfPage\":{\"@id\":\"https:\/\/priorityexpress.ca\/fr\/contact\/#primaryimage\"},\"image\":{\"@id\":\"https:\/\/priorityexpress.ca\/fr\/contact\/#primaryimage\"},\"thumbnailUrl\":\"https:\/\/priorityexpress.ca\/wp-content\/uploads\/2024\/07\/blg11.webp\",\"datePublished\":\"2024-06-09T10:19:42+00:00\",\"dateModified\":\"2025-01-28T21:13:08+00:00\",\"breadcrumb\":{\"@id\":\"https:\/\/priorityexpress.ca\/fr\/contact\/#breadcrumb\"},\"inLanguage\":\"fr-FR\",\"potentialAction\":[{\"@type\":\"ReadAction\",\"target\":[\"https:\/\/priorityexpress.ca\/fr\/contact\/\"]}]},{\"@type\":\"ImageObject\",\"inLanguage\":\"fr-FR\",\"@id\":\"https:\/\/priorityexpress.ca\/fr\/contact\/#primaryimage\",\"url\":\"https:\/\/priorityexpress.ca\/wp-content\/uploads\/2024\/07\/blg11.webp\",\"contentUrl\":\"https:\/\/priorityexpress.ca\/wp-content\/uploads\/2024\/07\/blg11.webp\"},{\"@type\":\"BreadcrumbList\",\"@id\":\"https:\/\/priorityexpress.ca\/fr\/contact\/#breadcrumb\",\"itemListElement\":[{\"@type\":\"ListItem\",\"position\":1,\"name\":\"Home\",\"item\":\"https:\/\/priorityexpress.ca\/fr\/\"},{\"@type\":\"ListItem\",\"position\":2,\"name\":\"Contact\"}]},{\"@type\":\"WebSite\",\"@id\":\"https:\/\/priorityexpress.ca\/#website\",\"url\":\"https:\/\/priorityexpress.ca\/\",\"name\":\"Priority Express\",\"description\":\"\",\"publisher\":{\"@id\":\"https:\/\/priorityexpress.ca\/#organization\"},\"potentialAction\":[{\"@type\":\"SearchAction\",\"target\":{\"@type\":\"EntryPoint\",\"urlTemplate\":\"https:\/\/priorityexpress.ca\/?s={search_term_string}\"},\"query-input\":{\"@type\":\"PropertyValueSpecification\",\"valueRequired\":true,\"valueName\":\"search_term_string\"}}],\"inLanguage\":\"fr-FR\"},{\"@type\":\"Organization\",\"@id\":\"https:\/\/priorityexpress.ca\/#organization\",\"name\":\"Priority Express\",\"url\":\"https:\/\/priorityexpress.ca\/\",\"logo\":{\"@type\":\"ImageObject\",\"inLanguage\":\"fr-FR\",\"@id\":\"https:\/\/priorityexpress.ca\/#\/schema\/logo\/image\/\",\"url\":\"https:\/\/priorityexpress.ca\/wp-content\/uploads\/2024\/07\/priority-express.png\",\"contentUrl\":\"https:\/\/priorityexpress.ca\/wp-content\/uploads\/2024\/07\/priority-express.png\",\"width\":158,\"height\":81,\"caption\":\"Priority Express\"},\"image\":{\"@id\":\"https:\/\/priorityexpress.ca\/#\/schema\/logo\/image\/\"},\"sameAs\":[\"https:\/\/www.linkedin.com\/company\/priorite-express\/?originalSubdomain=ca\"]}]}<\/script>\n<!-- \/ Yoast SEO plugin. -->","yoast_head_json":{"title":"Contact - Priority Express","robots":{"index":"index","follow":"follow","max-snippet":"max-snippet:-1","max-image-preview":"max-image-preview:large","max-video-preview":"max-video-preview:-1"},"canonical":"https:\/\/priorityexpress.ca\/fr\/contact\/","og_locale":"fr_FR","og_type":"article","og_title":"Contact - Priority Express","og_description":"Adresse courriel dispatchteam@priorityexpress.ca rates@priorityexpress.ca T\u00e9l\u00e9phoner 514-631-5058 Adresse Si\u00e8ge social et entrep\u00f4t principal : 2001 Bd des Sources #100, Pointe-Claire, QC H9R 5Z4 Entrep\u00f4t sous douane: 5875 Rue Kieran, Montreal, QC H4S 2B5 Nous contacter","og_url":"https:\/\/priorityexpress.ca\/fr\/contact\/","og_site_name":"Priority Express","article_modified_time":"2025-01-28T21:13:08+00:00","og_image":[{"url":"https:\/\/priorityexpress.ca\/wp-content\/uploads\/2024\/07\/blg11.webp","type":"","width":"","height":""}],"twitter_card":"summary_large_image","twitter_misc":{"Dur\u00e9e de lecture estim\u00e9e":"1 minute"},"schema":{"@context":"https:\/\/schema.org","@graph":[{"@type":"WebPage","@id":"https:\/\/priorityexpress.ca\/fr\/contact\/","url":"https:\/\/priorityexpress.ca\/fr\/contact\/","name":"Contact - Priority Express","isPartOf":{"@id":"https:\/\/priorityexpress.ca\/#website"},"primaryImageOfPage":{"@id":"https:\/\/priorityexpress.ca\/fr\/contact\/#primaryimage"},"image":{"@id":"https:\/\/priorityexpress.ca\/fr\/contact\/#primaryimage"},"thumbnailUrl":"https:\/\/priorityexpress.ca\/wp-content\/uploads\/2024\/07\/blg11.webp","datePublished":"2024-06-09T10:19:42+00:00","dateModified":"2025-01-28T21:13:08+00:00","breadcrumb":{"@id":"https:\/\/priorityexpress.ca\/fr\/contact\/#breadcrumb"},"inLanguage":"fr-FR","potentialAction":[{"@type":"ReadAction","target":["https:\/\/priorityexpress.ca\/fr\/contact\/"]}]},{"@type":"ImageObject","inLanguage":"fr-FR","@id":"https:\/\/priorityexpress.ca\/fr\/contact\/#primaryimage","url":"https:\/\/priorityexpress.ca\/wp-content\/uploads\/2024\/07\/blg11.webp","contentUrl":"https:\/\/priorityexpress.ca\/wp-content\/uploads\/2024\/07\/blg11.webp"},{"@type":"BreadcrumbList","@id":"https:\/\/priorityexpress.ca\/fr\/contact\/#breadcrumb","itemListElement":[{"@type":"ListItem","position":1,"name":"Home","item":"https:\/\/priorityexpress.ca\/fr\/"},{"@type":"ListItem","position":2,"name":"Contact"}]},{"@type":"WebSite","@id":"https:\/\/priorityexpress.ca\/#website","url":"https:\/\/priorityexpress.ca\/","name":"Priority Express","description":"","publisher":{"@id":"https:\/\/priorityexpress.ca\/#organization"},"potentialAction":[{"@type":"SearchAction","target":{"@type":"EntryPoint","urlTemplate":"https:\/\/priorityexpress.ca\/?s={search_term_string}"},"query-input":{"@type":"PropertyValueSpecification","valueRequired":true,"valueName":"search_term_string"}}],"inLanguage":"fr-FR"},{"@type":"Organization","@id":"https:\/\/priorityexpress.ca\/#organization","name":"Priority Express","url":"https:\/\/priorityexpress.ca\/","logo":{"@type":"ImageObject","inLanguage":"fr-FR","@id":"https:\/\/priorityexpress.ca\/#\/schema\/logo\/image\/","url":"https:\/\/priorityexpress.ca\/wp-content\/uploads\/2024\/07\/priority-express.png","contentUrl":"https:\/\/priorityexpress.ca\/wp-content\/uploads\/2024\/07\/priority-express.png","width":158,"height":81,"caption":"Priority Express"},"image":{"@id":"https:\/\/priorityexpress.ca\/#\/schema\/logo\/image\/"},"sameAs":["https:\/\/www.linkedin.com\/company\/priorite-express\/?originalSubdomain=ca"]}]}},"_links":{"self":[{"href":"https:\/\/priorityexpress.ca\/fr\/wp-json\/wp\/v2\/pages\/4857","targetHints":{"allow":["GET"]}}],"collection":[{"href":"https:\/\/priorityexpress.ca\/fr\/wp-json\/wp\/v2\/pages"}],"about":[{"href":"https:\/\/priorityexpress.ca\/fr\/wp-json\/wp\/v2\/types\/page"}],"author":[{"embeddable":true,"href":"https:\/\/priorityexpress.ca\/fr\/wp-json\/wp\/v2\/users\/3"}],"replies":[{"embeddable":true,"href":"https:\/\/priorityexpress.ca\/fr\/wp-json\/wp\/v2\/comments?post=4857"}],"version-history":[{"count":37,"href":"https:\/\/priorityexpress.ca\/fr\/wp-json\/wp\/v2\/pages\/4857\/revisions"}],"predecessor-version":[{"id":5700,"href":"https:\/\/priorityexpress.ca\/fr\/wp-json\/wp\/v2\/pages\/4857\/revisions\/5700"}],"wp:attachment":[{"href":"https:\/\/priorityexpress.ca\/fr\/wp-json\/wp\/v2\/media?parent=4857"}],"curies":[{"name":"wp","href":"https:\/\/api.w.org\/{rel}","templated":true}]}}