{"id":4876,"date":"2024-10-28T15:31:59","date_gmt":"2024-10-28T15:31:59","guid":{"rendered":"https:\/\/priorityexpress.ca\/small-packages\/"},"modified":"2024-12-18T19:24:09","modified_gmt":"2024-12-18T19:24:09","slug":"petits-colis","status":"publish","type":"page","link":"https:\/\/priorityexpress.ca\/fr\/petits-colis\/","title":{"rendered":"Petits colis"},"content":{"rendered":"\t\t<div data-elementor-type=\"wp-page\" data-elementor-id=\"4876\" class=\"elementor elementor-4876 elementor-4029\">\n\t\t\t\t<div class=\"elementor-element elementor-element-0f69188 e-flex e-con-boxed e-con e-parent\" data-id=\"0f69188\" data-element_type=\"container\">\n\t\t\t\t\t<div class=\"e-con-inner\">\n\t\t<div class=\"elementor-element elementor-element-ed1959b e-con-full e-flex e-con e-child\" data-id=\"ed1959b\" data-element_type=\"container\">\n\t\t\t\t<div class=\"elementor-element elementor-element-159bdde elementor-widget elementor-widget-tx_heading elh-el tx_heading\" data-id=\"159bdde\" data-element_type=\"widget\" data-settings=\"{&quot;design_style&quot;:&quot;style_4&quot;}\" data-widget_type=\"tx_heading.default\">\n\t\t\t\t<div class=\"elementor-widget-container\">\n\t\t\t\t\t\r\n<div class=\"log-section-title-4 headline-2 pera-content log-text text-left\">\r\n\r\n    \r\n    <h2 class=\"tx-title section_title  tx-split-text \">Services de <span class=\"blue-text\">courrier<\/span><\/h2>        <p class=\"tx-description\">\r\n            <\/p>\r\n    <\/div>\t\t\t\t<\/div>\n\t\t\t\t<\/div>\n\t\t\t\t<div class=\"elementor-element elementor-element-e55daa3 elementor-widget elementor-widget-text-editor\" data-id=\"e55daa3\" data-element_type=\"widget\" data-widget_type=\"text-editor.default\">\n\t\t\t\t<div class=\"elementor-widget-container\">\n\t\t\t\t\t\t\t\t\t<p>Priority Express propose une gamme compl\u00e8te de services de courrier pour l&rsquo;exp\u00e9dition de petits colis, le meilleur service \u00e0 des prix r\u00e9duits.<\/p><p>Vous pouvez exp\u00e9dier presque tous les types de colis, par voie terrestre ou a\u00e9rienne, y compris certaines cat\u00e9gories de marchandises dangereuses. Il n&rsquo;y a pas de limite au poids total ou au nombre de pi\u00e8ces par envoi.<\/p><p>Toutefois, le poids maximal par pi\u00e8ce dans un envoi est de 150 livres.<\/p><p>Pour les envois de plus de 150 livres, veuillez vous r\u00e9f\u00e9rer \u00e0 une autre section sp\u00e9cifique de notre site web. Pour les services terrestres, voir <a href=\"https:\/\/priorityexpress.ca\/freight-forwarding\/local-regional.html\">Transport &#8211; Local<\/a> ou pour les longues distances, voir Transport &#8211; Transport sp\u00e9cialis\u00e9, ou si un envoi a\u00e9rien est n\u00e9cessaire, voir Logistique &#8211; Fret a\u00e9rien.<\/p><h3>Niveaux de service :<\/h3><p><strong>Livraisons au Canada<\/strong><\/p><table><tbody><tr><td class=\"small-col\">Express 8h00 am<\/td><td class=\"small-col\">A\u00e9rien<\/td><td class=\"large-col\">Livraison le lendemain avant 8h00, pour les livraisons urgentes critiques, ce service est disponible dans la plupart des grandes villes.<\/td><\/tr><tr><td class=\"small-col\">Express midi<\/td><td class=\"small-col\">A\u00e9rien<\/td><td class=\"large-col\">Le lendemain avant midi, le meilleur rapport qualit\u00e9 prix<\/td><\/tr><tr><td class=\"small-col\">Standard<\/td><td class=\"small-col\">Terrestre<\/td><td class=\"large-col\">Un service fiable \u00e0 moindre co\u00fbt pour les envois non urgents<\/td><\/tr><\/tbody><\/table><p><strong>Exp\u00e9dition aux \u00c9tats-Unis<\/strong><\/p><table><tbody><tr><td class=\"small-col\">Express 8h00 am<\/td><td class=\"small-col\">A\u00e9rien<\/td><td class=\"large-col\">Livraison le lendemain avant 8h00, disponible dans la plupart des r\u00e9gions.<\/td><\/tr><tr><td class=\"small-col\">Express 10h30<\/td><td class=\"small-col\">A\u00e9rien<\/td><td class=\"large-col\">Livraison garantie avant 10h30<\/td><\/tr><tr><td class=\"small-col\">Standard<\/td><td class=\"small-col\">Terrestre<\/td><td class=\"large-col\">Un service \u00e9conomique fiable pour les envois non urgents<\/td><\/tr><\/tbody><\/table><p><strong>Livraisons internationales<\/strong><\/p><table><tbody><tr><td class=\"small-col\">Express<\/td><td class=\"large-col\">Le service d&rsquo;exp\u00e9dition internationale le plus rapide<\/td><\/tr><tr><td class=\"small-col\">Acc\u00e9l\u00e9r\u00e9e<\/td><td class=\"large-col\">Le service d&rsquo;exp\u00e9dition internationale le plus \u00e9conomique<\/td><\/tr><\/tbody><\/table><h3>Autres services disponibles :<\/h3><ul><li>Importation de petits colis<\/li><li>Courtage<\/li><li>Documentation pour la douane<\/li><li>Assurance<\/li><\/ul>\t\t\t\t\t\t\t\t<\/div>\n\t\t\t\t<\/div>\n\t\t\t\t<\/div>\n\t\t\t\t\t<\/div>\n\t\t\t\t<\/div>\n\t\t<div class=\"elementor-element elementor-element-671cb68 e-flex e-con-boxed e-con e-parent\" data-id=\"671cb68\" data-element_type=\"container\" data-settings=\"{&quot;background_background&quot;:&quot;classic&quot;}\">\n\t\t\t\t\t<div class=\"e-con-inner\">\n\t\t<div class=\"elementor-element elementor-element-60967ed e-con-full e-flex e-con e-child\" data-id=\"60967ed\" data-element_type=\"container\">\n\t\t\t\t<div class=\"elementor-element elementor-element-9005ff2 elementor-widget elementor-widget-tx_heading elh-el tx_heading\" data-id=\"9005ff2\" data-element_type=\"widget\" data-settings=\"{&quot;design_style&quot;:&quot;style_4&quot;}\" data-widget_type=\"tx_heading.default\">\n\t\t\t\t<div class=\"elementor-widget-container\">\n\t\t\t\t\t\r\n<div class=\"log-section-title-4 headline-2 pera-content log-text text-left\">\r\n\r\n    \r\n    <h2 class=\"tx-title section_title  tx-split-text \">Tarifs et temps de transit<\/h2>        <p class=\"tx-description\">\r\n            <\/p>\r\n    <\/div>\t\t\t\t<\/div>\n\t\t\t\t<\/div>\n\t\t\t\t<div class=\"elementor-element elementor-element-b112a88 elementor-widget elementor-widget-text-editor\" data-id=\"b112a88\" data-element_type=\"widget\" data-widget_type=\"text-editor.default\">\n\t\t\t\t<div class=\"elementor-widget-container\">\n\t\t\t\t\t\t\t\t\t<p>Voici la liste des tarifs de tous les diff\u00e9rents services de messagerie que nous pouvons fournir puisque nous sommes un grossiste UPS, ainsi que le tableau des zones :<\/p><p><a href=\"http:\/\/www.ups.com\/media\/en\/ca\/rate_guide_ca.pdf\">Guide des tarifs et des services<\/a><\/p><p><a href=\"http:\/\/www.ups.com\/media\/ca\/en\/currentrates\/zone-pdf\/zone_30.pdf\">Tableau des zones<\/a><\/p><p>Veuillez nous contacter au 514-631-5058 afin d&rsquo;obtenir un devis personnalis\u00e9 en tant que client priv\u00e9, bas\u00e9 sur vos besoins sp\u00e9cifiques.<\/p><p>Il nous fera plaisir de discuter et de n\u00e9gocier ce qui suit :<\/p><ul><li>Poids facturable<\/li><li>Poids volum\u00e9trique<\/li><li>Rabais sur les frais d&rsquo;exp\u00e9dition<\/li><li>Suppl\u00e9ment carburant<\/li><\/ul>\t\t\t\t\t\t\t\t<\/div>\n\t\t\t\t<\/div>\n\t\t\t\t<\/div>\n\t\t\t\t\t<\/div>\n\t\t\t\t<\/div>\n\t\t<div class=\"elementor-element elementor-element-cda3837 e-flex e-con-boxed e-con e-parent\" data-id=\"cda3837\" data-element_type=\"container\">\n\t\t\t\t\t<div class=\"e-con-inner\">\n\t\t<div class=\"elementor-element elementor-element-bdb40aa e-con-full e-flex e-con e-child\" data-id=\"bdb40aa\" data-element_type=\"container\">\n\t\t\t\t<div class=\"elementor-element elementor-element-aaadddb elementor-widget elementor-widget-tx_heading elh-el tx_heading\" data-id=\"aaadddb\" data-element_type=\"widget\" data-settings=\"{&quot;design_style&quot;:&quot;style_4&quot;}\" data-widget_type=\"tx_heading.default\">\n\t\t\t\t<div class=\"elementor-widget-container\">\n\t\t\t\t\t\r\n<div class=\"log-section-title-4 headline-2 pera-content log-text text-left\">\r\n\r\n    \r\n    <h2 class=\"tx-title section_title  tx-split-text \">UPS <span class=\"blue-text\">Grossiste<\/span><\/h2>        <p class=\"tx-description\">\r\n            <\/p>\r\n    <\/div>\t\t\t\t<\/div>\n\t\t\t\t<\/div>\n\t\t\t\t<div class=\"elementor-element elementor-element-de2b739 elementor-widget elementor-widget-text-editor\" data-id=\"de2b739\" data-element_type=\"widget\" data-widget_type=\"text-editor.default\">\n\t\t\t\t<div class=\"elementor-widget-container\">\n\t\t\t\t\t\t\t\t\t<p>Priority Express est un grossiste UPS avec un volume d&rsquo;envois tr\u00e8s important. Nous pouvons donc r\u00e9percuter les \u00e9conomies r\u00e9alis\u00e9es sur nos clients gr\u00e2ce aux remises importantes que nous obtenons d&rsquo;UPS sur tous ses services.<\/p><p>Nous repr\u00e9sentons une valeur ajout\u00e9e pour nos clients, car nos sp\u00e9cialistes exp\u00e9riment\u00e9s vous aideront \u00e0 prendre les bonnes d\u00e9cisions et \u00e0 r\u00e9duire vos frais d&rsquo;exp\u00e9dition. Qu&rsquo;il s&rsquo;agisse de d\u00e9douanement, de documentation ou d&rsquo;assurance, nous vous aiderons \u00e0 chaque \u00e9tape.<\/p>\t\t\t\t\t\t\t\t<\/div>\n\t\t\t\t<\/div>\n\t\t\t\t<\/div>\n\t\t\t\t\t<\/div>\n\t\t\t\t<\/div>\n\t\t\t\t<\/div>\n\t\t","protected":false},"excerpt":{"rendered":"<p>Services de courrier Priority Express propose une gamme compl\u00e8te de services de courrier pour l&rsquo;exp\u00e9dition de petits colis, le meilleur service \u00e0 des prix r\u00e9duits. Vous pouvez exp\u00e9dier presque tous les types de colis, par voie terrestre ou a\u00e9rienne, y compris certaines cat\u00e9gories de marchandises dangereuses. Il n&rsquo;y a pas de limite au poids total [&hellip;]<\/p>\n","protected":false},"author":3,"featured_media":0,"parent":0,"menu_order":0,"comment_status":"closed","ping_status":"closed","template":"elementor_header_footer","meta":{"inline_featured_image":false,"footnotes":""},"class_list":["post-4876","page","type-page","status-publish","hentry"],"yoast_head":"<!-- This site is optimized with the Yoast SEO plugin v24.1 - https:\/\/yoast.com\/wordpress\/plugins\/seo\/ -->\n<title>Petits colis - Priority Express<\/title>\n<meta name=\"robots\" content=\"index, follow, max-snippet:-1, max-image-preview:large, max-video-preview:-1\" \/>\n<link rel=\"canonical\" href=\"https:\/\/priorityexpress.ca\/fr\/petits-colis\/\" \/>\n<meta property=\"og:locale\" content=\"fr_FR\" \/>\n<meta property=\"og:type\" content=\"article\" \/>\n<meta property=\"og:title\" content=\"Petits colis - Priority Express\" \/>\n<meta property=\"og:description\" content=\"Services de courrier Priority Express propose une gamme compl\u00e8te de services de courrier pour l&rsquo;exp\u00e9dition de petits colis, le meilleur service \u00e0 des prix r\u00e9duits. Vous pouvez exp\u00e9dier presque tous les types de colis, par voie terrestre ou a\u00e9rienne, y compris certaines cat\u00e9gories de marchandises dangereuses. Il n&rsquo;y a pas de limite au poids total [&hellip;]\" \/>\n<meta property=\"og:url\" content=\"https:\/\/priorityexpress.ca\/fr\/petits-colis\/\" \/>\n<meta property=\"og:site_name\" content=\"Priority Express\" \/>\n<meta property=\"article:modified_time\" content=\"2024-12-18T19:24:09+00:00\" \/>\n<meta property=\"og:image\" content=\"https:\/\/priorityexpress.ca\/wp-content\/uploads\/2025\/01\/og.jpg\" \/>\n\t<meta property=\"og:image:width\" content=\"1908\" \/>\n\t<meta property=\"og:image:height\" content=\"910\" \/>\n\t<meta property=\"og:image:type\" content=\"image\/jpeg\" \/>\n<meta name=\"twitter:card\" content=\"summary_large_image\" \/>\n<meta name=\"twitter:label1\" content=\"Dur\u00e9e de lecture estim\u00e9e\" \/>\n\t<meta name=\"twitter:data1\" content=\"2 minutes\" \/>\n<script type=\"application\/ld+json\" class=\"yoast-schema-graph\">{\"@context\":\"https:\/\/schema.org\",\"@graph\":[{\"@type\":\"WebPage\",\"@id\":\"https:\/\/priorityexpress.ca\/fr\/petits-colis\/\",\"url\":\"https:\/\/priorityexpress.ca\/fr\/petits-colis\/\",\"name\":\"Petits colis - Priority Express\",\"isPartOf\":{\"@id\":\"https:\/\/priorityexpress.ca\/#website\"},\"datePublished\":\"2024-10-28T15:31:59+00:00\",\"dateModified\":\"2024-12-18T19:24:09+00:00\",\"breadcrumb\":{\"@id\":\"https:\/\/priorityexpress.ca\/fr\/petits-colis\/#breadcrumb\"},\"inLanguage\":\"fr-FR\",\"potentialAction\":[{\"@type\":\"ReadAction\",\"target\":[\"https:\/\/priorityexpress.ca\/fr\/petits-colis\/\"]}]},{\"@type\":\"BreadcrumbList\",\"@id\":\"https:\/\/priorityexpress.ca\/fr\/petits-colis\/#breadcrumb\",\"itemListElement\":[{\"@type\":\"ListItem\",\"position\":1,\"name\":\"Home\",\"item\":\"https:\/\/priorityexpress.ca\/fr\/\"},{\"@type\":\"ListItem\",\"position\":2,\"name\":\"Petits colis\"}]},{\"@type\":\"WebSite\",\"@id\":\"https:\/\/priorityexpress.ca\/#website\",\"url\":\"https:\/\/priorityexpress.ca\/\",\"name\":\"Priority Express\",\"description\":\"\",\"publisher\":{\"@id\":\"https:\/\/priorityexpress.ca\/#organization\"},\"potentialAction\":[{\"@type\":\"SearchAction\",\"target\":{\"@type\":\"EntryPoint\",\"urlTemplate\":\"https:\/\/priorityexpress.ca\/?s={search_term_string}\"},\"query-input\":{\"@type\":\"PropertyValueSpecification\",\"valueRequired\":true,\"valueName\":\"search_term_string\"}}],\"inLanguage\":\"fr-FR\"},{\"@type\":\"Organization\",\"@id\":\"https:\/\/priorityexpress.ca\/#organization\",\"name\":\"Priority Express\",\"url\":\"https:\/\/priorityexpress.ca\/\",\"logo\":{\"@type\":\"ImageObject\",\"inLanguage\":\"fr-FR\",\"@id\":\"https:\/\/priorityexpress.ca\/#\/schema\/logo\/image\/\",\"url\":\"https:\/\/priorityexpress.ca\/wp-content\/uploads\/2024\/07\/priority-express.png\",\"contentUrl\":\"https:\/\/priorityexpress.ca\/wp-content\/uploads\/2024\/07\/priority-express.png\",\"width\":158,\"height\":81,\"caption\":\"Priority Express\"},\"image\":{\"@id\":\"https:\/\/priorityexpress.ca\/#\/schema\/logo\/image\/\"},\"sameAs\":[\"https:\/\/www.linkedin.com\/company\/priorite-express\/?originalSubdomain=ca\"]}]}<\/script>\n<!-- \/ Yoast SEO plugin. -->","yoast_head_json":{"title":"Petits colis - Priority Express","robots":{"index":"index","follow":"follow","max-snippet":"max-snippet:-1","max-image-preview":"max-image-preview:large","max-video-preview":"max-video-preview:-1"},"canonical":"https:\/\/priorityexpress.ca\/fr\/petits-colis\/","og_locale":"fr_FR","og_type":"article","og_title":"Petits colis - Priority Express","og_description":"Services de courrier Priority Express propose une gamme compl\u00e8te de services de courrier pour l&rsquo;exp\u00e9dition de petits colis, le meilleur service \u00e0 des prix r\u00e9duits. Vous pouvez exp\u00e9dier presque tous les types de colis, par voie terrestre ou a\u00e9rienne, y compris certaines cat\u00e9gories de marchandises dangereuses. Il n&rsquo;y a pas de limite au poids total [&hellip;]","og_url":"https:\/\/priorityexpress.ca\/fr\/petits-colis\/","og_site_name":"Priority Express","article_modified_time":"2024-12-18T19:24:09+00:00","og_image":[{"width":1908,"height":910,"url":"https:\/\/priorityexpress.ca\/wp-content\/uploads\/2025\/01\/og.jpg","type":"image\/jpeg"}],"twitter_card":"summary_large_image","twitter_misc":{"Dur\u00e9e de lecture estim\u00e9e":"2 minutes"},"schema":{"@context":"https:\/\/schema.org","@graph":[{"@type":"WebPage","@id":"https:\/\/priorityexpress.ca\/fr\/petits-colis\/","url":"https:\/\/priorityexpress.ca\/fr\/petits-colis\/","name":"Petits colis - Priority Express","isPartOf":{"@id":"https:\/\/priorityexpress.ca\/#website"},"datePublished":"2024-10-28T15:31:59+00:00","dateModified":"2024-12-18T19:24:09+00:00","breadcrumb":{"@id":"https:\/\/priorityexpress.ca\/fr\/petits-colis\/#breadcrumb"},"inLanguage":"fr-FR","potentialAction":[{"@type":"ReadAction","target":["https:\/\/priorityexpress.ca\/fr\/petits-colis\/"]}]},{"@type":"BreadcrumbList","@id":"https:\/\/priorityexpress.ca\/fr\/petits-colis\/#breadcrumb","itemListElement":[{"@type":"ListItem","position":1,"name":"Home","item":"https:\/\/priorityexpress.ca\/fr\/"},{"@type":"ListItem","position":2,"name":"Petits colis"}]},{"@type":"WebSite","@id":"https:\/\/priorityexpress.ca\/#website","url":"https:\/\/priorityexpress.ca\/","name":"Priority Express","description":"","publisher":{"@id":"https:\/\/priorityexpress.ca\/#organization"},"potentialAction":[{"@type":"SearchAction","target":{"@type":"EntryPoint","urlTemplate":"https:\/\/priorityexpress.ca\/?s={search_term_string}"},"query-input":{"@type":"PropertyValueSpecification","valueRequired":true,"valueName":"search_term_string"}}],"inLanguage":"fr-FR"},{"@type":"Organization","@id":"https:\/\/priorityexpress.ca\/#organization","name":"Priority Express","url":"https:\/\/priorityexpress.ca\/","logo":{"@type":"ImageObject","inLanguage":"fr-FR","@id":"https:\/\/priorityexpress.ca\/#\/schema\/logo\/image\/","url":"https:\/\/priorityexpress.ca\/wp-content\/uploads\/2024\/07\/priority-express.png","contentUrl":"https:\/\/priorityexpress.ca\/wp-content\/uploads\/2024\/07\/priority-express.png","width":158,"height":81,"caption":"Priority Express"},"image":{"@id":"https:\/\/priorityexpress.ca\/#\/schema\/logo\/image\/"},"sameAs":["https:\/\/www.linkedin.com\/company\/priorite-express\/?originalSubdomain=ca"]}]}},"_links":{"self":[{"href":"https:\/\/priorityexpress.ca\/fr\/wp-json\/wp\/v2\/pages\/4876","targetHints":{"allow":["GET"]}}],"collection":[{"href":"https:\/\/priorityexpress.ca\/fr\/wp-json\/wp\/v2\/pages"}],"about":[{"href":"https:\/\/priorityexpress.ca\/fr\/wp-json\/wp\/v2\/types\/page"}],"author":[{"embeddable":true,"href":"https:\/\/priorityexpress.ca\/fr\/wp-json\/wp\/v2\/users\/3"}],"replies":[{"embeddable":true,"href":"https:\/\/priorityexpress.ca\/fr\/wp-json\/wp\/v2\/comments?post=4876"}],"version-history":[{"count":11,"href":"https:\/\/priorityexpress.ca\/fr\/wp-json\/wp\/v2\/pages\/4876\/revisions"}],"predecessor-version":[{"id":5418,"href":"https:\/\/priorityexpress.ca\/fr\/wp-json\/wp\/v2\/pages\/4876\/revisions\/5418"}],"wp:attachment":[{"href":"https:\/\/priorityexpress.ca\/fr\/wp-json\/wp\/v2\/media?parent=4876"}],"curies":[{"name":"wp","href":"https:\/\/api.w.org\/{rel}","templated":true}]}}