{"id":4882,"date":"2024-10-25T20:21:38","date_gmt":"2024-10-25T20:21:38","guid":{"rendered":"https:\/\/priorityexpress.ca\/transport\/"},"modified":"2025-01-21T18:15:18","modified_gmt":"2025-01-21T18:15:18","slug":"transport","status":"publish","type":"page","link":"https:\/\/priorityexpress.ca\/fr\/transport\/","title":{"rendered":"Transport"},"content":{"rendered":"\t\t<div data-elementor-type=\"wp-page\" data-elementor-id=\"4882\" class=\"elementor elementor-4882 elementor-3932\">\n\t\t\t\t<div class=\"elementor-element elementor-element-5bec5b2 e-flex e-con-boxed e-con e-parent\" data-id=\"5bec5b2\" data-element_type=\"container\">\n\t\t\t\t\t<div class=\"e-con-inner\">\n\t\t<div class=\"elementor-element elementor-element-43c0236 e-con-full e-flex e-con e-child\" data-id=\"43c0236\" data-element_type=\"container\">\n\t\t\t\t<div class=\"elementor-element elementor-element-657b72f elementor-widget elementor-widget-tx_heading elh-el tx_heading\" data-id=\"657b72f\" data-element_type=\"widget\" data-settings=\"{&quot;design_style&quot;:&quot;style_4&quot;}\" data-widget_type=\"tx_heading.default\">\n\t\t\t\t<div class=\"elementor-widget-container\">\n\t\t\t\t\t\r\n<div class=\"log-section-title-4 headline-2 pera-content log-text text-left\">\r\n\r\n    \r\n    <h2 class=\"tx-title section_title  tx-split-text \"><span class=\"blue-text\">Transport de conteneurs<\/span><\/h2>        <p class=\"tx-description\">\r\n            <\/p>\r\n    <\/div>\t\t\t\t<\/div>\n\t\t\t\t<\/div>\n\t\t\t\t<div class=\"elementor-element elementor-element-5e342ef elementor-widget elementor-widget-text-editor\" data-id=\"5e342ef\" data-element_type=\"widget\" data-widget_type=\"text-editor.default\">\n\t\t\t\t<div class=\"elementor-widget-container\">\n\t\t\t\t\t\t\t\t\t<p>Nos services de dragage de conteneurs s&rsquo;appuient sur des \u00e9quipements sp\u00e9cialis\u00e9s pour manipuler tous les types de conteneurs maritimes, m\u00eame pendant les p\u00e9riodes de d\u00e9gel. Nous fournissons des ch\u00e2ssis pour les conteneurs de 20, 40, 48 et 53 pieds, ainsi que d&rsquo;autres \u00e9quipements de transport maritime adapt\u00e9s \u00e0 vos besoins.<\/p><p>Nos solutions compl\u00e8tes comprennent le chargement des conteneurs pour l&rsquo;exp\u00e9dition internationale et le d\u00e9chargement dans nos entrep\u00f4ts s\u00e9curis\u00e9s et nos installations de stockage sous douane.<\/p><p>En tant que fournisseur accr\u00e9dit\u00e9 par l&rsquo;ASFC, nous offrons \u00e9galement des services de d\u00e9contamination pour les conteneurs import\u00e9s, garantissant ainsi la conformit\u00e9 avec les r\u00e9glementations canadiennes en mati\u00e8re d&rsquo;importation.<\/p><p>Notre expertise garantit la manutention s\u00e9curitaire et la pr\u00e9paration de vos marchandises en vue d&rsquo;un d\u00e9douanement sans heurt et d&rsquo;un transport ult\u00e9rieur.<\/p><p>En tant que partenaires enregistr\u00e9s du CN, du CP, de CAST, de RACINE et de TERMONT, nous garantissons des op\u00e9rations de camionnage sans heurts \u00e0 Montr\u00e9al, au Port de Montr\u00e9al et dans les gares de triage de Montr\u00e9al, jusqu&rsquo;au Port de Qu\u00e9bec et \u00e0 Valleyfield. Faites-nous confiance pour un transport intermodal et un camionnage flexibles et efficaces qui permettent \u00e0 votre cha\u00eene d&rsquo;approvisionnement de se d\u00e9rouler sans heurts.<\/p>\t\t\t\t\t\t\t\t<\/div>\n\t\t\t\t<\/div>\n\t\t\t\t<\/div>\n\t\t<div class=\"elementor-element elementor-element-35ea801 e-con-full e-flex e-con e-child\" data-id=\"35ea801\" data-element_type=\"container\">\n\t\t<div class=\"elementor-element elementor-element-e5ece51 e-con-full drain-ctn e-flex e-con e-child\" data-id=\"e5ece51\" data-element_type=\"container\">\n\t\t\t\t<div class=\"elementor-element elementor-element-ac5a60f elementor-widget elementor-widget-image\" data-id=\"ac5a60f\" data-element_type=\"widget\" data-widget_type=\"image.default\">\n\t\t\t\t<div class=\"elementor-widget-container\">\n\t\t\t\t\t\t\t\t\t\t\t\t\t\t\t<img fetchpriority=\"high\" decoding=\"async\" width=\"568\" height=\"365\" src=\"https:\/\/priorityexpress.ca\/wp-content\/uploads\/2025\/01\/drayage1.jpg\" class=\"attachment-full size-full wp-image-5544\" alt=\"\" srcset=\"https:\/\/priorityexpress.ca\/wp-content\/uploads\/2025\/01\/drayage1.jpg 568w, https:\/\/priorityexpress.ca\/wp-content\/uploads\/2025\/01\/drayage1-300x193.jpg 300w\" sizes=\"(max-width: 568px) 100vw, 568px\" \/>\t\t\t\t\t\t\t\t\t\t\t\t\t\t\t<\/div>\n\t\t\t\t<\/div>\n\t\t\t\t<\/div>\n\t\t<div class=\"elementor-element elementor-element-b7c0fbf e-con-full drain-ctn e-flex e-con e-child\" data-id=\"b7c0fbf\" data-element_type=\"container\">\n\t\t\t\t<div class=\"elementor-element elementor-element-de09c78 elementor-widget elementor-widget-image\" data-id=\"de09c78\" data-element_type=\"widget\" data-widget_type=\"image.default\">\n\t\t\t\t<div class=\"elementor-widget-container\">\n\t\t\t\t\t\t\t\t\t\t\t\t\t\t\t<img decoding=\"async\" width=\"568\" height=\"339\" src=\"https:\/\/priorityexpress.ca\/wp-content\/uploads\/2025\/01\/drayage2.jpg\" class=\"attachment-full size-full wp-image-5546\" alt=\"\" srcset=\"https:\/\/priorityexpress.ca\/wp-content\/uploads\/2025\/01\/drayage2.jpg 568w, https:\/\/priorityexpress.ca\/wp-content\/uploads\/2025\/01\/drayage2-300x179.jpg 300w\" sizes=\"(max-width: 568px) 100vw, 568px\" \/>\t\t\t\t\t\t\t\t\t\t\t\t\t\t\t<\/div>\n\t\t\t\t<\/div>\n\t\t\t\t<\/div>\n\t\t<div class=\"elementor-element elementor-element-194452e e-con-full drain-ctn e-flex e-con e-child\" data-id=\"194452e\" data-element_type=\"container\">\n\t\t\t\t<div class=\"elementor-element elementor-element-4bd4051 elementor-widget elementor-widget-image\" data-id=\"4bd4051\" data-element_type=\"widget\" data-widget_type=\"image.default\">\n\t\t\t\t<div class=\"elementor-widget-container\">\n\t\t\t\t\t\t\t\t\t\t\t\t\t\t\t<img decoding=\"async\" width=\"568\" height=\"365\" src=\"https:\/\/priorityexpress.ca\/wp-content\/uploads\/2025\/01\/drayage3.jpg\" class=\"attachment-full size-full wp-image-5548\" alt=\"\" srcset=\"https:\/\/priorityexpress.ca\/wp-content\/uploads\/2025\/01\/drayage3.jpg 568w, https:\/\/priorityexpress.ca\/wp-content\/uploads\/2025\/01\/drayage3-300x193.jpg 300w\" sizes=\"(max-width: 568px) 100vw, 568px\" \/>\t\t\t\t\t\t\t\t\t\t\t\t\t\t\t<\/div>\n\t\t\t\t<\/div>\n\t\t\t\t<\/div>\n\t\t<div class=\"elementor-element elementor-element-c52b3f2 e-con-full drain-ctn e-flex e-con e-child\" data-id=\"c52b3f2\" data-element_type=\"container\">\n\t\t\t\t<div class=\"elementor-element elementor-element-f96a76e elementor-widget elementor-widget-image\" data-id=\"f96a76e\" data-element_type=\"widget\" data-widget_type=\"image.default\">\n\t\t\t\t<div class=\"elementor-widget-container\">\n\t\t\t\t\t\t\t\t\t\t\t\t\t\t\t<img loading=\"lazy\" decoding=\"async\" width=\"568\" height=\"365\" src=\"https:\/\/priorityexpress.ca\/wp-content\/uploads\/2025\/01\/drayage4.jpg\" class=\"attachment-full size-full wp-image-5550\" alt=\"\" srcset=\"https:\/\/priorityexpress.ca\/wp-content\/uploads\/2025\/01\/drayage4.jpg 568w, https:\/\/priorityexpress.ca\/wp-content\/uploads\/2025\/01\/drayage4-300x193.jpg 300w\" sizes=\"(max-width: 568px) 100vw, 568px\" \/>\t\t\t\t\t\t\t\t\t\t\t\t\t\t\t<\/div>\n\t\t\t\t<\/div>\n\t\t\t\t<\/div>\n\t\t\t\t<\/div>\n\t\t\t\t\t<\/div>\n\t\t\t\t<\/div>\n\t\t<div class=\"elementor-element elementor-element-441b27b e-flex e-con-boxed e-con e-parent\" data-id=\"441b27b\" data-element_type=\"container\" data-settings=\"{&quot;background_background&quot;:&quot;classic&quot;}\">\n\t\t\t\t\t<div class=\"e-con-inner\">\n\t\t<div class=\"elementor-element elementor-element-f60713a e-con-full e-grid e-con e-child\" data-id=\"f60713a\" data-element_type=\"container\">\n\t\t\t\t<div class=\"elementor-element elementor-element-4b5afff elementor-widget elementor-widget-image\" data-id=\"4b5afff\" data-element_type=\"widget\" data-widget_type=\"image.default\">\n\t\t\t\t<div class=\"elementor-widget-container\">\n\t\t\t\t\t\t\t\t\t\t\t\t\t\t\t<img loading=\"lazy\" decoding=\"async\" width=\"568\" height=\"365\" src=\"https:\/\/priorityexpress.ca\/wp-content\/uploads\/2025\/01\/specialzed1.jpg\" class=\"attachment-large size-large wp-image-5552\" alt=\"\" srcset=\"https:\/\/priorityexpress.ca\/wp-content\/uploads\/2025\/01\/specialzed1.jpg 568w, https:\/\/priorityexpress.ca\/wp-content\/uploads\/2025\/01\/specialzed1-300x193.jpg 300w\" sizes=\"(max-width: 568px) 100vw, 568px\" \/>\t\t\t\t\t\t\t\t\t\t\t\t\t\t\t<\/div>\n\t\t\t\t<\/div>\n\t\t\t\t<div class=\"elementor-element elementor-element-52ee87d elementor-widget elementor-widget-image\" data-id=\"52ee87d\" data-element_type=\"widget\" data-widget_type=\"image.default\">\n\t\t\t\t<div class=\"elementor-widget-container\">\n\t\t\t\t\t\t\t\t\t\t\t\t\t\t\t<img loading=\"lazy\" decoding=\"async\" width=\"568\" height=\"339\" src=\"https:\/\/priorityexpress.ca\/wp-content\/uploads\/2025\/01\/specialized2.jpg\" class=\"attachment-large size-large wp-image-5554\" alt=\"\" srcset=\"https:\/\/priorityexpress.ca\/wp-content\/uploads\/2025\/01\/specialized2.jpg 568w, https:\/\/priorityexpress.ca\/wp-content\/uploads\/2025\/01\/specialized2-300x179.jpg 300w\" sizes=\"(max-width: 568px) 100vw, 568px\" \/>\t\t\t\t\t\t\t\t\t\t\t\t\t\t\t<\/div>\n\t\t\t\t<\/div>\n\t\t\t\t<div class=\"elementor-element elementor-element-88e47b2 elementor-widget elementor-widget-image\" data-id=\"88e47b2\" data-element_type=\"widget\" data-widget_type=\"image.default\">\n\t\t\t\t<div class=\"elementor-widget-container\">\n\t\t\t\t\t\t\t\t\t\t\t\t\t\t\t<img loading=\"lazy\" decoding=\"async\" width=\"568\" height=\"339\" src=\"https:\/\/priorityexpress.ca\/wp-content\/uploads\/2025\/01\/specialized3.jpg\" class=\"attachment-large size-large wp-image-5556\" alt=\"\" srcset=\"https:\/\/priorityexpress.ca\/wp-content\/uploads\/2025\/01\/specialized3.jpg 568w, https:\/\/priorityexpress.ca\/wp-content\/uploads\/2025\/01\/specialized3-300x179.jpg 300w\" sizes=\"(max-width: 568px) 100vw, 568px\" \/>\t\t\t\t\t\t\t\t\t\t\t\t\t\t\t<\/div>\n\t\t\t\t<\/div>\n\t\t\t\t<div class=\"elementor-element elementor-element-acde12e elementor-widget elementor-widget-image\" data-id=\"acde12e\" data-element_type=\"widget\" data-widget_type=\"image.default\">\n\t\t\t\t<div class=\"elementor-widget-container\">\n\t\t\t\t\t\t\t\t\t\t\t\t\t\t\t<img loading=\"lazy\" decoding=\"async\" width=\"568\" height=\"339\" src=\"https:\/\/priorityexpress.ca\/wp-content\/uploads\/2025\/01\/specialized4.jpg\" class=\"attachment-large size-large wp-image-5558\" alt=\"\" srcset=\"https:\/\/priorityexpress.ca\/wp-content\/uploads\/2025\/01\/specialized4.jpg 568w, https:\/\/priorityexpress.ca\/wp-content\/uploads\/2025\/01\/specialized4-300x179.jpg 300w\" sizes=\"(max-width: 568px) 100vw, 568px\" \/>\t\t\t\t\t\t\t\t\t\t\t\t\t\t\t<\/div>\n\t\t\t\t<\/div>\n\t\t\t\t<\/div>\n\t\t<div class=\"elementor-element elementor-element-ad674b1 e-con-full e-flex e-con e-child\" data-id=\"ad674b1\" data-element_type=\"container\">\n\t\t\t\t<div class=\"elementor-element elementor-element-c674018 elementor-widget elementor-widget-tx_heading elh-el tx_heading\" data-id=\"c674018\" data-element_type=\"widget\" data-settings=\"{&quot;design_style&quot;:&quot;style_4&quot;}\" data-widget_type=\"tx_heading.default\">\n\t\t\t\t<div class=\"elementor-widget-container\">\n\t\t\t\t\t\r\n<div class=\"log-section-title-4 headline-2 pera-content log-text text-left\">\r\n\r\n    \r\n    <h2 class=\"tx-title section_title  tx-split-text \">Transport sp\u00e9cialis\u00e9<\/h2>    <\/div>\t\t\t\t<\/div>\n\t\t\t\t<\/div>\n\t\t\t\t<div class=\"elementor-element elementor-element-77415e3 elementor-widget elementor-widget-text-editor\" data-id=\"77415e3\" data-element_type=\"widget\" data-widget_type=\"text-editor.default\">\n\t\t\t\t<div class=\"elementor-widget-container\">\n\t\t\t\t\t\t\t\t\t<p>Priority Express offre les services suivants :<\/p><ul><li>Flatbed 48&prime; avec ou sans b\u00e2che<\/li><li>Refer 53&prime;<\/li><li>Camionnage sous douane<\/li><li>Transport de charges lourdes<\/li><li>Transport de marchandises dangereuses<\/li><li>Transport LTL partout au Canada et aux \u00c9tats-Unis<\/li><\/ul>\t\t\t\t\t\t\t\t<\/div>\n\t\t\t\t<\/div>\n\t\t\t\t<\/div>\n\t\t\t\t\t<\/div>\n\t\t\t\t<\/div>\n\t\t<div class=\"elementor-element elementor-element-1d86d6c e-flex e-con-boxed e-con e-parent\" data-id=\"1d86d6c\" data-element_type=\"container\">\n\t\t\t\t\t<div class=\"e-con-inner\">\n\t\t<div class=\"elementor-element elementor-element-bb0ffb5 e-con-full e-flex e-con e-child\" data-id=\"bb0ffb5\" data-element_type=\"container\">\n\t\t\t\t<div class=\"elementor-element elementor-element-35dbed2 elementor-widget elementor-widget-tx_heading elh-el tx_heading\" data-id=\"35dbed2\" data-element_type=\"widget\" data-settings=\"{&quot;design_style&quot;:&quot;style_4&quot;}\" data-widget_type=\"tx_heading.default\">\n\t\t\t\t<div class=\"elementor-widget-container\">\n\t\t\t\t\t\r\n<div class=\"log-section-title-4 headline-2 pera-content log-text text-left\">\r\n\r\n    \r\n    <h2 class=\"tx-title section_title  tx-split-text \">Solutions <span class=\"blue-text\">personnalis\u00e9es <\/span> de cargo et d'exp\u00e9dition <span class=\"blue-text\">transfrontali\u00e8re.<\/span><\/h2>        <p class=\"tx-description\">\r\n            <\/p>\r\n    <\/div>\t\t\t\t<\/div>\n\t\t\t\t<\/div>\n\t\t\t\t<div class=\"elementor-element elementor-element-b2b7467 elementor-widget elementor-widget-text-editor\" data-id=\"b2b7467\" data-element_type=\"widget\" data-widget_type=\"text-editor.default\">\n\t\t\t\t<div class=\"elementor-widget-container\">\n\t\t\t\t\t\t\t\t\t<p>Qu&rsquo;il s&rsquo;agisse d&rsquo;une simple bo\u00eete ou d&rsquo;un chargement complet dans une remorque de 53 pieds, nous offrons des solutions de transport personnalis\u00e9es pour des exp\u00e9ditions de toutes tailles. Notre flotte diversifi\u00e9e comprend des tracteurs, des remorques, des plateaux, des plateaux surbaiss\u00e9s et des ch\u00e2ssis, ce qui garantit la flexibilit\u00e9 et l&rsquo;efficacit\u00e9. Nous sommes \u00e9quip\u00e9s pour traiter tous les types de marchandises, y compris les mati\u00e8res dangereuses, car nous accordons la priorit\u00e9 \u00e0 la s\u00e9curit\u00e9 et \u00e0 la fiabilit\u00e9 pour chaque envoi.<\/p><p>Pour les livraisons transfrontali\u00e8res vers les \u00c9tats-Unis, notre division Envois sp\u00e9ciaux propose des solutions sur mesure pour r\u00e9pondre \u00e0 vos besoins logistiques uniques.<\/p>\t\t\t\t\t\t\t\t<\/div>\n\t\t\t\t<\/div>\n\t\t\t\t<\/div>\n\t\t<div class=\"elementor-element elementor-element-4f9c759 e-con-full e-flex e-con e-child\" data-id=\"4f9c759\" data-element_type=\"container\">\n\t\t<div class=\"elementor-element elementor-element-e5a8923 e-con-full drain-ctn e-flex e-con e-child\" data-id=\"e5a8923\" data-element_type=\"container\">\n\t\t\t\t<div class=\"elementor-element elementor-element-b7ef423 elementor-widget elementor-widget-image\" data-id=\"b7ef423\" data-element_type=\"widget\" data-widget_type=\"image.default\">\n\t\t\t\t<div class=\"elementor-widget-container\">\n\t\t\t\t\t\t\t\t\t\t\t\t\t\t\t<img loading=\"lazy\" decoding=\"async\" width=\"568\" height=\"365\" src=\"https:\/\/priorityexpress.ca\/wp-content\/uploads\/2025\/01\/trucks4.jpg\" class=\"attachment-full size-full wp-image-5566\" alt=\"\" srcset=\"https:\/\/priorityexpress.ca\/wp-content\/uploads\/2025\/01\/trucks4.jpg 568w, https:\/\/priorityexpress.ca\/wp-content\/uploads\/2025\/01\/trucks4-300x193.jpg 300w\" sizes=\"(max-width: 568px) 100vw, 568px\" \/>\t\t\t\t\t\t\t\t\t\t\t\t\t\t\t<\/div>\n\t\t\t\t<\/div>\n\t\t\t\t<\/div>\n\t\t<div class=\"elementor-element elementor-element-96473f8 e-con-full drain-ctn e-flex e-con e-child\" data-id=\"96473f8\" data-element_type=\"container\">\n\t\t\t\t<div class=\"elementor-element elementor-element-206aec0 elementor-widget elementor-widget-image\" data-id=\"206aec0\" data-element_type=\"widget\" data-widget_type=\"image.default\">\n\t\t\t\t<div class=\"elementor-widget-container\">\n\t\t\t\t\t\t\t\t\t\t\t\t\t\t\t<img loading=\"lazy\" decoding=\"async\" width=\"568\" height=\"365\" src=\"https:\/\/priorityexpress.ca\/wp-content\/uploads\/2025\/01\/trucks6.jpg\" class=\"attachment-full size-full wp-image-5568\" alt=\"\" srcset=\"https:\/\/priorityexpress.ca\/wp-content\/uploads\/2025\/01\/trucks6.jpg 568w, https:\/\/priorityexpress.ca\/wp-content\/uploads\/2025\/01\/trucks6-300x193.jpg 300w\" sizes=\"(max-width: 568px) 100vw, 568px\" \/>\t\t\t\t\t\t\t\t\t\t\t\t\t\t\t<\/div>\n\t\t\t\t<\/div>\n\t\t\t\t<\/div>\n\t\t\t\t<\/div>\n\t\t\t\t\t<\/div>\n\t\t\t\t<\/div>\n\t\t\t\t<\/div>\n\t\t","protected":false},"excerpt":{"rendered":"<p>Transport de conteneurs Nos services de dragage de conteneurs s&rsquo;appuient sur des \u00e9quipements sp\u00e9cialis\u00e9s pour manipuler tous les types de conteneurs maritimes, m\u00eame pendant les p\u00e9riodes de d\u00e9gel. Nous fournissons des ch\u00e2ssis pour les conteneurs de 20, 40, 48 et 53 pieds, ainsi que d&rsquo;autres \u00e9quipements de transport maritime adapt\u00e9s \u00e0 vos besoins. Nos solutions [&hellip;]<\/p>\n","protected":false},"author":3,"featured_media":0,"parent":0,"menu_order":0,"comment_status":"closed","ping_status":"closed","template":"elementor_header_footer","meta":{"inline_featured_image":false,"footnotes":""},"class_list":["post-4882","page","type-page","status-publish","hentry"],"yoast_head":"<!-- This site is optimized with the Yoast SEO plugin v24.1 - https:\/\/yoast.com\/wordpress\/plugins\/seo\/ -->\n<title>Transport - Priority Express<\/title>\n<meta name=\"robots\" content=\"index, follow, max-snippet:-1, max-image-preview:large, max-video-preview:-1\" \/>\n<link rel=\"canonical\" href=\"https:\/\/priorityexpress.ca\/fr\/transport\/\" \/>\n<meta property=\"og:locale\" content=\"fr_FR\" \/>\n<meta property=\"og:type\" content=\"article\" \/>\n<meta property=\"og:title\" content=\"Transport - Priority Express\" \/>\n<meta property=\"og:description\" content=\"Transport de conteneurs Nos services de dragage de conteneurs s&rsquo;appuient sur des \u00e9quipements sp\u00e9cialis\u00e9s pour manipuler tous les types de conteneurs maritimes, m\u00eame pendant les p\u00e9riodes de d\u00e9gel. Nous fournissons des ch\u00e2ssis pour les conteneurs de 20, 40, 48 et 53 pieds, ainsi que d&rsquo;autres \u00e9quipements de transport maritime adapt\u00e9s \u00e0 vos besoins. Nos solutions [&hellip;]\" \/>\n<meta property=\"og:url\" content=\"https:\/\/priorityexpress.ca\/fr\/transport\/\" \/>\n<meta property=\"og:site_name\" content=\"Priority Express\" \/>\n<meta property=\"article:modified_time\" content=\"2025-01-21T18:15:18+00:00\" \/>\n<meta property=\"og:image\" content=\"https:\/\/priorityexpress.ca\/wp-content\/uploads\/2025\/01\/drayage1.jpg\" \/>\n\t<meta property=\"og:image:width\" content=\"568\" \/>\n\t<meta property=\"og:image:height\" content=\"365\" \/>\n\t<meta property=\"og:image:type\" content=\"image\/jpeg\" \/>\n<meta name=\"twitter:card\" content=\"summary_large_image\" \/>\n<meta name=\"twitter:label1\" content=\"Dur\u00e9e de lecture estim\u00e9e\" \/>\n\t<meta name=\"twitter:data1\" content=\"4 minutes\" \/>\n<script type=\"application\/ld+json\" class=\"yoast-schema-graph\">{\"@context\":\"https:\/\/schema.org\",\"@graph\":[{\"@type\":\"WebPage\",\"@id\":\"https:\/\/priorityexpress.ca\/fr\/transport\/\",\"url\":\"https:\/\/priorityexpress.ca\/fr\/transport\/\",\"name\":\"Transport - Priority Express\",\"isPartOf\":{\"@id\":\"https:\/\/priorityexpress.ca\/#website\"},\"primaryImageOfPage\":{\"@id\":\"https:\/\/priorityexpress.ca\/fr\/transport\/#primaryimage\"},\"image\":{\"@id\":\"https:\/\/priorityexpress.ca\/fr\/transport\/#primaryimage\"},\"thumbnailUrl\":\"https:\/\/priorityexpress.ca\/wp-content\/uploads\/2025\/01\/drayage1.jpg\",\"datePublished\":\"2024-10-25T20:21:38+00:00\",\"dateModified\":\"2025-01-21T18:15:18+00:00\",\"breadcrumb\":{\"@id\":\"https:\/\/priorityexpress.ca\/fr\/transport\/#breadcrumb\"},\"inLanguage\":\"fr-FR\",\"potentialAction\":[{\"@type\":\"ReadAction\",\"target\":[\"https:\/\/priorityexpress.ca\/fr\/transport\/\"]}]},{\"@type\":\"ImageObject\",\"inLanguage\":\"fr-FR\",\"@id\":\"https:\/\/priorityexpress.ca\/fr\/transport\/#primaryimage\",\"url\":\"https:\/\/priorityexpress.ca\/wp-content\/uploads\/2025\/01\/drayage1.jpg\",\"contentUrl\":\"https:\/\/priorityexpress.ca\/wp-content\/uploads\/2025\/01\/drayage1.jpg\"},{\"@type\":\"BreadcrumbList\",\"@id\":\"https:\/\/priorityexpress.ca\/fr\/transport\/#breadcrumb\",\"itemListElement\":[{\"@type\":\"ListItem\",\"position\":1,\"name\":\"Home\",\"item\":\"https:\/\/priorityexpress.ca\/fr\/\"},{\"@type\":\"ListItem\",\"position\":2,\"name\":\"Transport\"}]},{\"@type\":\"WebSite\",\"@id\":\"https:\/\/priorityexpress.ca\/#website\",\"url\":\"https:\/\/priorityexpress.ca\/\",\"name\":\"Priority Express\",\"description\":\"\",\"publisher\":{\"@id\":\"https:\/\/priorityexpress.ca\/#organization\"},\"potentialAction\":[{\"@type\":\"SearchAction\",\"target\":{\"@type\":\"EntryPoint\",\"urlTemplate\":\"https:\/\/priorityexpress.ca\/?s={search_term_string}\"},\"query-input\":{\"@type\":\"PropertyValueSpecification\",\"valueRequired\":true,\"valueName\":\"search_term_string\"}}],\"inLanguage\":\"fr-FR\"},{\"@type\":\"Organization\",\"@id\":\"https:\/\/priorityexpress.ca\/#organization\",\"name\":\"Priority Express\",\"url\":\"https:\/\/priorityexpress.ca\/\",\"logo\":{\"@type\":\"ImageObject\",\"inLanguage\":\"fr-FR\",\"@id\":\"https:\/\/priorityexpress.ca\/#\/schema\/logo\/image\/\",\"url\":\"https:\/\/priorityexpress.ca\/wp-content\/uploads\/2024\/07\/priority-express.png\",\"contentUrl\":\"https:\/\/priorityexpress.ca\/wp-content\/uploads\/2024\/07\/priority-express.png\",\"width\":158,\"height\":81,\"caption\":\"Priority Express\"},\"image\":{\"@id\":\"https:\/\/priorityexpress.ca\/#\/schema\/logo\/image\/\"},\"sameAs\":[\"https:\/\/www.linkedin.com\/company\/priorite-express\/?originalSubdomain=ca\"]}]}<\/script>\n<!-- \/ Yoast SEO plugin. -->","yoast_head_json":{"title":"Transport - Priority Express","robots":{"index":"index","follow":"follow","max-snippet":"max-snippet:-1","max-image-preview":"max-image-preview:large","max-video-preview":"max-video-preview:-1"},"canonical":"https:\/\/priorityexpress.ca\/fr\/transport\/","og_locale":"fr_FR","og_type":"article","og_title":"Transport - Priority Express","og_description":"Transport de conteneurs Nos services de dragage de conteneurs s&rsquo;appuient sur des \u00e9quipements sp\u00e9cialis\u00e9s pour manipuler tous les types de conteneurs maritimes, m\u00eame pendant les p\u00e9riodes de d\u00e9gel. Nous fournissons des ch\u00e2ssis pour les conteneurs de 20, 40, 48 et 53 pieds, ainsi que d&rsquo;autres \u00e9quipements de transport maritime adapt\u00e9s \u00e0 vos besoins. Nos solutions [&hellip;]","og_url":"https:\/\/priorityexpress.ca\/fr\/transport\/","og_site_name":"Priority Express","article_modified_time":"2025-01-21T18:15:18+00:00","og_image":[{"width":568,"height":365,"url":"https:\/\/priorityexpress.ca\/wp-content\/uploads\/2025\/01\/drayage1.jpg","type":"image\/jpeg"}],"twitter_card":"summary_large_image","twitter_misc":{"Dur\u00e9e de lecture estim\u00e9e":"4 minutes"},"schema":{"@context":"https:\/\/schema.org","@graph":[{"@type":"WebPage","@id":"https:\/\/priorityexpress.ca\/fr\/transport\/","url":"https:\/\/priorityexpress.ca\/fr\/transport\/","name":"Transport - Priority Express","isPartOf":{"@id":"https:\/\/priorityexpress.ca\/#website"},"primaryImageOfPage":{"@id":"https:\/\/priorityexpress.ca\/fr\/transport\/#primaryimage"},"image":{"@id":"https:\/\/priorityexpress.ca\/fr\/transport\/#primaryimage"},"thumbnailUrl":"https:\/\/priorityexpress.ca\/wp-content\/uploads\/2025\/01\/drayage1.jpg","datePublished":"2024-10-25T20:21:38+00:00","dateModified":"2025-01-21T18:15:18+00:00","breadcrumb":{"@id":"https:\/\/priorityexpress.ca\/fr\/transport\/#breadcrumb"},"inLanguage":"fr-FR","potentialAction":[{"@type":"ReadAction","target":["https:\/\/priorityexpress.ca\/fr\/transport\/"]}]},{"@type":"ImageObject","inLanguage":"fr-FR","@id":"https:\/\/priorityexpress.ca\/fr\/transport\/#primaryimage","url":"https:\/\/priorityexpress.ca\/wp-content\/uploads\/2025\/01\/drayage1.jpg","contentUrl":"https:\/\/priorityexpress.ca\/wp-content\/uploads\/2025\/01\/drayage1.jpg"},{"@type":"BreadcrumbList","@id":"https:\/\/priorityexpress.ca\/fr\/transport\/#breadcrumb","itemListElement":[{"@type":"ListItem","position":1,"name":"Home","item":"https:\/\/priorityexpress.ca\/fr\/"},{"@type":"ListItem","position":2,"name":"Transport"}]},{"@type":"WebSite","@id":"https:\/\/priorityexpress.ca\/#website","url":"https:\/\/priorityexpress.ca\/","name":"Priority Express","description":"","publisher":{"@id":"https:\/\/priorityexpress.ca\/#organization"},"potentialAction":[{"@type":"SearchAction","target":{"@type":"EntryPoint","urlTemplate":"https:\/\/priorityexpress.ca\/?s={search_term_string}"},"query-input":{"@type":"PropertyValueSpecification","valueRequired":true,"valueName":"search_term_string"}}],"inLanguage":"fr-FR"},{"@type":"Organization","@id":"https:\/\/priorityexpress.ca\/#organization","name":"Priority Express","url":"https:\/\/priorityexpress.ca\/","logo":{"@type":"ImageObject","inLanguage":"fr-FR","@id":"https:\/\/priorityexpress.ca\/#\/schema\/logo\/image\/","url":"https:\/\/priorityexpress.ca\/wp-content\/uploads\/2024\/07\/priority-express.png","contentUrl":"https:\/\/priorityexpress.ca\/wp-content\/uploads\/2024\/07\/priority-express.png","width":158,"height":81,"caption":"Priority Express"},"image":{"@id":"https:\/\/priorityexpress.ca\/#\/schema\/logo\/image\/"},"sameAs":["https:\/\/www.linkedin.com\/company\/priorite-express\/?originalSubdomain=ca"]}]}},"_links":{"self":[{"href":"https:\/\/priorityexpress.ca\/fr\/wp-json\/wp\/v2\/pages\/4882","targetHints":{"allow":["GET"]}}],"collection":[{"href":"https:\/\/priorityexpress.ca\/fr\/wp-json\/wp\/v2\/pages"}],"about":[{"href":"https:\/\/priorityexpress.ca\/fr\/wp-json\/wp\/v2\/types\/page"}],"author":[{"embeddable":true,"href":"https:\/\/priorityexpress.ca\/fr\/wp-json\/wp\/v2\/users\/3"}],"replies":[{"embeddable":true,"href":"https:\/\/priorityexpress.ca\/fr\/wp-json\/wp\/v2\/comments?post=4882"}],"version-history":[{"count":40,"href":"https:\/\/priorityexpress.ca\/fr\/wp-json\/wp\/v2\/pages\/4882\/revisions"}],"predecessor-version":[{"id":5638,"href":"https:\/\/priorityexpress.ca\/fr\/wp-json\/wp\/v2\/pages\/4882\/revisions\/5638"}],"wp:attachment":[{"href":"https:\/\/priorityexpress.ca\/fr\/wp-json\/wp\/v2\/media?parent=4882"}],"curies":[{"name":"wp","href":"https:\/\/api.w.org\/{rel}","templated":true}]}}