{"id":5294,"date":"2024-12-17T19:34:25","date_gmt":"2024-12-17T19:34:25","guid":{"rendered":"https:\/\/priorityexpress.ca\/decontamination\/"},"modified":"2025-01-21T18:19:42","modified_gmt":"2025-01-21T18:19:42","slug":"decontamination","status":"publish","type":"page","link":"https:\/\/priorityexpress.ca\/fr\/decontamination\/","title":{"rendered":"D\u00e9contamination"},"content":{"rendered":"\t\t<div data-elementor-type=\"wp-page\" data-elementor-id=\"5294\" class=\"elementor elementor-5294 elementor-5288\">\n\t\t\t\t<div class=\"elementor-element elementor-element-321bbb3 e-flex e-con-boxed e-con e-parent\" data-id=\"321bbb3\" data-element_type=\"container\" data-settings=\"{&quot;background_background&quot;:&quot;classic&quot;}\">\n\t\t\t\t\t<div class=\"e-con-inner\">\n\t\t<div class=\"elementor-element elementor-element-d402812 e-con-full e-flex e-con e-child\" data-id=\"d402812\" data-element_type=\"container\">\n\t\t\t\t<div class=\"elementor-element elementor-element-57d7cb6 elementor-widget elementor-widget-tx_heading elh-el tx_heading\" data-id=\"57d7cb6\" data-element_type=\"widget\" data-settings=\"{&quot;design_style&quot;:&quot;style_4&quot;}\" data-widget_type=\"tx_heading.default\">\n\t\t\t\t<div class=\"elementor-widget-container\">\n\t\t\t\t\t\r\n<div class=\"log-section-title-4 headline-2 pera-content log-text text-left\">\r\n\r\n    \r\n    <h2 class=\"tx-title section_title  tx-split-text \">Services de d\u00e9contamination<\/h2>        <p class=\"tx-description\">\r\n            <\/p>\r\n    <\/div>\t\t\t\t<\/div>\n\t\t\t\t<\/div>\n\t\t\t\t<div class=\"elementor-element elementor-element-d37cb0a elementor-widget elementor-widget-text-editor\" data-id=\"d37cb0a\" data-element_type=\"widget\" data-widget_type=\"text-editor.default\">\n\t\t\t\t<div class=\"elementor-widget-container\">\n\t\t\t\t\t\t\t\t\t<p>Nos installations sont sp\u00e9cialis\u00e9es dans la d\u00e9contamination des importations et des exportations, garantissant que chaque article est nettoy\u00e9 et d\u00e9sinfect\u00e9 \u00e0 fond et qu&rsquo;il est enti\u00e8rement conforme aux normes de s\u00e9curit\u00e9 canadiennes et aux normes r\u00e9glementaires internationales.<\/p><p>Notre entrep\u00f4t de 50 000 pieds carr\u00e9s comporte une zone de d\u00e9contamination d\u00e9di\u00e9e, o\u00f9 des experts d\u00e9contaminent m\u00e9ticuleusement les moteurs, les v\u00e9hicules, les \u00e9quipements et autres articles arrivant du port, qu&rsquo;ils soient en attente d&rsquo;une exp\u00e9dition internationale ou destin\u00e9s \u00e0 un usage domestique.<\/p><p>Nous respectons des protocoles rigoureux afin de r\u00e9duire les risques li\u00e9s aux parasites envahissants et aux contaminants, ce qui permet \u00e0 vos marchandises de satisfaire aux exigences r\u00e9glementaires et d&rsquo;\u00eatre transport\u00e9es en toute s\u00e9curit\u00e9.<\/p><p>Nos services de d\u00e9contamination facilitent non seulement le d\u00e9douanement, mais pr\u00e9parent \u00e9galement les marchandises \u00e0 un stockage s\u00e9curis\u00e9 dans notre entrep\u00f4t sous douane.<\/p><p>Nous proposons des solutions de stockage sur mesure pour les besoins \u00e0 court et \u00e0 long terme, en pr\u00e9servant l&rsquo;int\u00e9grit\u00e9 de vos articles depuis leur arriv\u00e9e jusqu&rsquo;\u00e0 leur exp\u00e9dition finale. Faites-nous confiance pour traiter vos marchandises avec pr\u00e9cision et soin, en veillant au respect des r\u00e9glementations, \u00e0 la s\u00fbret\u00e9 et \u00e0 la s\u00e9curit\u00e9 \u00e0 chaque \u00e9tape du processus.<\/p>\t\t\t\t\t\t\t\t<\/div>\n\t\t\t\t<\/div>\n\t\t\t\t<\/div>\n\t\t<div class=\"elementor-element elementor-element-83cd7e0 e-con-full e-flex e-con e-child\" data-id=\"83cd7e0\" data-element_type=\"container\">\n\t\t<div class=\"elementor-element elementor-element-709c804 e-con-full e-flex e-con e-child\" data-id=\"709c804\" data-element_type=\"container\">\n\t\t\t\t<div class=\"elementor-element elementor-element-d97c885 elementor-widget elementor-widget-image\" data-id=\"d97c885\" data-element_type=\"widget\" data-widget_type=\"image.default\">\n\t\t\t\t<div class=\"elementor-widget-container\">\n\t\t\t\t\t\t\t\t\t\t\t\t\t\t\t<img fetchpriority=\"high\" decoding=\"async\" width=\"916\" height=\"750\" src=\"https:\/\/priorityexpress.ca\/wp-content\/uploads\/2024\/12\/decontamination-1.jpg\" class=\"attachment-full size-full wp-image-5310\" alt=\"\" srcset=\"https:\/\/priorityexpress.ca\/wp-content\/uploads\/2024\/12\/decontamination-1.jpg 916w, https:\/\/priorityexpress.ca\/wp-content\/uploads\/2024\/12\/decontamination-1-300x246.jpg 300w, https:\/\/priorityexpress.ca\/wp-content\/uploads\/2024\/12\/decontamination-1-768x629.jpg 768w\" sizes=\"(max-width: 916px) 100vw, 916px\" \/>\t\t\t\t\t\t\t\t\t\t\t\t\t\t\t<\/div>\n\t\t\t\t<\/div>\n\t\t\t\t<\/div>\n\t\t<div class=\"elementor-element elementor-element-72474cf e-con-full e-flex e-con e-child\" data-id=\"72474cf\" data-element_type=\"container\">\n\t\t\t\t<div class=\"elementor-element elementor-element-2ddd858 elementor-widget elementor-widget-image\" data-id=\"2ddd858\" data-element_type=\"widget\" data-widget_type=\"image.default\">\n\t\t\t\t<div class=\"elementor-widget-container\">\n\t\t\t\t\t\t\t\t\t\t\t\t\t\t\t<img decoding=\"async\" width=\"1000\" height=\"750\" src=\"https:\/\/priorityexpress.ca\/wp-content\/uploads\/2024\/12\/decontamination2.jpg\" class=\"attachment-full size-full wp-image-5307\" alt=\"\" srcset=\"https:\/\/priorityexpress.ca\/wp-content\/uploads\/2024\/12\/decontamination2.jpg 1000w, https:\/\/priorityexpress.ca\/wp-content\/uploads\/2024\/12\/decontamination2-300x225.jpg 300w, https:\/\/priorityexpress.ca\/wp-content\/uploads\/2024\/12\/decontamination2-768x576.jpg 768w\" sizes=\"(max-width: 1000px) 100vw, 1000px\" \/>\t\t\t\t\t\t\t\t\t\t\t\t\t\t\t<\/div>\n\t\t\t\t<\/div>\n\t\t\t\t<\/div>\n\t\t\t\t<\/div>\n\t\t\t\t\t<\/div>\n\t\t\t\t<\/div>\n\t\t\t\t<\/div>\n\t\t","protected":false},"excerpt":{"rendered":"<p>Services de d\u00e9contamination Nos installations sont sp\u00e9cialis\u00e9es dans la d\u00e9contamination des importations et des exportations, garantissant que chaque article est nettoy\u00e9 et d\u00e9sinfect\u00e9 \u00e0 fond et qu&rsquo;il est enti\u00e8rement conforme aux normes de s\u00e9curit\u00e9 canadiennes et aux normes r\u00e9glementaires internationales. Notre entrep\u00f4t de 50 000 pieds carr\u00e9s comporte une zone de d\u00e9contamination d\u00e9di\u00e9e, o\u00f9 des [&hellip;]<\/p>\n","protected":false},"author":3,"featured_media":0,"parent":0,"menu_order":0,"comment_status":"closed","ping_status":"closed","template":"elementor_header_footer","meta":{"inline_featured_image":false,"footnotes":""},"class_list":["post-5294","page","type-page","status-publish","hentry"],"yoast_head":"<!-- This site is optimized with the Yoast SEO plugin v24.1 - https:\/\/yoast.com\/wordpress\/plugins\/seo\/ -->\n<title>D\u00e9contamination - Priority Express<\/title>\n<meta name=\"robots\" content=\"index, follow, max-snippet:-1, max-image-preview:large, max-video-preview:-1\" \/>\n<link rel=\"canonical\" href=\"https:\/\/priorityexpress.ca\/fr\/decontamination\/\" \/>\n<meta property=\"og:locale\" content=\"fr_FR\" \/>\n<meta property=\"og:type\" content=\"article\" \/>\n<meta property=\"og:title\" content=\"D\u00e9contamination - Priority Express\" \/>\n<meta property=\"og:description\" content=\"Services de d\u00e9contamination Nos installations sont sp\u00e9cialis\u00e9es dans la d\u00e9contamination des importations et des exportations, garantissant que chaque article est nettoy\u00e9 et d\u00e9sinfect\u00e9 \u00e0 fond et qu&rsquo;il est enti\u00e8rement conforme aux normes de s\u00e9curit\u00e9 canadiennes et aux normes r\u00e9glementaires internationales. Notre entrep\u00f4t de 50 000 pieds carr\u00e9s comporte une zone de d\u00e9contamination d\u00e9di\u00e9e, o\u00f9 des [&hellip;]\" \/>\n<meta property=\"og:url\" content=\"https:\/\/priorityexpress.ca\/fr\/decontamination\/\" \/>\n<meta property=\"og:site_name\" content=\"Priority Express\" \/>\n<meta property=\"article:modified_time\" content=\"2025-01-21T18:19:42+00:00\" \/>\n<meta property=\"og:image\" content=\"https:\/\/priorityexpress.ca\/wp-content\/uploads\/2024\/12\/decontamination-1.jpg\" \/>\n\t<meta property=\"og:image:width\" content=\"916\" \/>\n\t<meta property=\"og:image:height\" content=\"750\" \/>\n\t<meta property=\"og:image:type\" content=\"image\/jpeg\" \/>\n<meta name=\"twitter:card\" content=\"summary_large_image\" \/>\n<meta name=\"twitter:label1\" content=\"Dur\u00e9e de lecture estim\u00e9e\" \/>\n\t<meta name=\"twitter:data1\" content=\"2 minutes\" \/>\n<script type=\"application\/ld+json\" class=\"yoast-schema-graph\">{\"@context\":\"https:\/\/schema.org\",\"@graph\":[{\"@type\":\"WebPage\",\"@id\":\"https:\/\/priorityexpress.ca\/fr\/decontamination\/\",\"url\":\"https:\/\/priorityexpress.ca\/fr\/decontamination\/\",\"name\":\"D\u00e9contamination - Priority Express\",\"isPartOf\":{\"@id\":\"https:\/\/priorityexpress.ca\/#website\"},\"primaryImageOfPage\":{\"@id\":\"https:\/\/priorityexpress.ca\/fr\/decontamination\/#primaryimage\"},\"image\":{\"@id\":\"https:\/\/priorityexpress.ca\/fr\/decontamination\/#primaryimage\"},\"thumbnailUrl\":\"https:\/\/priorityexpress.ca\/wp-content\/uploads\/2024\/12\/decontamination-1.jpg\",\"datePublished\":\"2024-12-17T19:34:25+00:00\",\"dateModified\":\"2025-01-21T18:19:42+00:00\",\"breadcrumb\":{\"@id\":\"https:\/\/priorityexpress.ca\/fr\/decontamination\/#breadcrumb\"},\"inLanguage\":\"fr-FR\",\"potentialAction\":[{\"@type\":\"ReadAction\",\"target\":[\"https:\/\/priorityexpress.ca\/fr\/decontamination\/\"]}]},{\"@type\":\"ImageObject\",\"inLanguage\":\"fr-FR\",\"@id\":\"https:\/\/priorityexpress.ca\/fr\/decontamination\/#primaryimage\",\"url\":\"https:\/\/priorityexpress.ca\/wp-content\/uploads\/2024\/12\/decontamination-1.jpg\",\"contentUrl\":\"https:\/\/priorityexpress.ca\/wp-content\/uploads\/2024\/12\/decontamination-1.jpg\"},{\"@type\":\"BreadcrumbList\",\"@id\":\"https:\/\/priorityexpress.ca\/fr\/decontamination\/#breadcrumb\",\"itemListElement\":[{\"@type\":\"ListItem\",\"position\":1,\"name\":\"Home\",\"item\":\"https:\/\/priorityexpress.ca\/fr\/\"},{\"@type\":\"ListItem\",\"position\":2,\"name\":\"D\u00e9contamination\"}]},{\"@type\":\"WebSite\",\"@id\":\"https:\/\/priorityexpress.ca\/#website\",\"url\":\"https:\/\/priorityexpress.ca\/\",\"name\":\"Priority Express\",\"description\":\"\",\"publisher\":{\"@id\":\"https:\/\/priorityexpress.ca\/#organization\"},\"potentialAction\":[{\"@type\":\"SearchAction\",\"target\":{\"@type\":\"EntryPoint\",\"urlTemplate\":\"https:\/\/priorityexpress.ca\/?s={search_term_string}\"},\"query-input\":{\"@type\":\"PropertyValueSpecification\",\"valueRequired\":true,\"valueName\":\"search_term_string\"}}],\"inLanguage\":\"fr-FR\"},{\"@type\":\"Organization\",\"@id\":\"https:\/\/priorityexpress.ca\/#organization\",\"name\":\"Priority Express\",\"url\":\"https:\/\/priorityexpress.ca\/\",\"logo\":{\"@type\":\"ImageObject\",\"inLanguage\":\"fr-FR\",\"@id\":\"https:\/\/priorityexpress.ca\/#\/schema\/logo\/image\/\",\"url\":\"https:\/\/priorityexpress.ca\/wp-content\/uploads\/2024\/07\/priority-express.png\",\"contentUrl\":\"https:\/\/priorityexpress.ca\/wp-content\/uploads\/2024\/07\/priority-express.png\",\"width\":158,\"height\":81,\"caption\":\"Priority Express\"},\"image\":{\"@id\":\"https:\/\/priorityexpress.ca\/#\/schema\/logo\/image\/\"},\"sameAs\":[\"https:\/\/www.linkedin.com\/company\/priorite-express\/?originalSubdomain=ca\"]}]}<\/script>\n<!-- \/ Yoast SEO plugin. -->","yoast_head_json":{"title":"D\u00e9contamination - Priority Express","robots":{"index":"index","follow":"follow","max-snippet":"max-snippet:-1","max-image-preview":"max-image-preview:large","max-video-preview":"max-video-preview:-1"},"canonical":"https:\/\/priorityexpress.ca\/fr\/decontamination\/","og_locale":"fr_FR","og_type":"article","og_title":"D\u00e9contamination - Priority Express","og_description":"Services de d\u00e9contamination Nos installations sont sp\u00e9cialis\u00e9es dans la d\u00e9contamination des importations et des exportations, garantissant que chaque article est nettoy\u00e9 et d\u00e9sinfect\u00e9 \u00e0 fond et qu&rsquo;il est enti\u00e8rement conforme aux normes de s\u00e9curit\u00e9 canadiennes et aux normes r\u00e9glementaires internationales. Notre entrep\u00f4t de 50 000 pieds carr\u00e9s comporte une zone de d\u00e9contamination d\u00e9di\u00e9e, o\u00f9 des [&hellip;]","og_url":"https:\/\/priorityexpress.ca\/fr\/decontamination\/","og_site_name":"Priority Express","article_modified_time":"2025-01-21T18:19:42+00:00","og_image":[{"width":916,"height":750,"url":"https:\/\/priorityexpress.ca\/wp-content\/uploads\/2024\/12\/decontamination-1.jpg","type":"image\/jpeg"}],"twitter_card":"summary_large_image","twitter_misc":{"Dur\u00e9e de lecture estim\u00e9e":"2 minutes"},"schema":{"@context":"https:\/\/schema.org","@graph":[{"@type":"WebPage","@id":"https:\/\/priorityexpress.ca\/fr\/decontamination\/","url":"https:\/\/priorityexpress.ca\/fr\/decontamination\/","name":"D\u00e9contamination - Priority Express","isPartOf":{"@id":"https:\/\/priorityexpress.ca\/#website"},"primaryImageOfPage":{"@id":"https:\/\/priorityexpress.ca\/fr\/decontamination\/#primaryimage"},"image":{"@id":"https:\/\/priorityexpress.ca\/fr\/decontamination\/#primaryimage"},"thumbnailUrl":"https:\/\/priorityexpress.ca\/wp-content\/uploads\/2024\/12\/decontamination-1.jpg","datePublished":"2024-12-17T19:34:25+00:00","dateModified":"2025-01-21T18:19:42+00:00","breadcrumb":{"@id":"https:\/\/priorityexpress.ca\/fr\/decontamination\/#breadcrumb"},"inLanguage":"fr-FR","potentialAction":[{"@type":"ReadAction","target":["https:\/\/priorityexpress.ca\/fr\/decontamination\/"]}]},{"@type":"ImageObject","inLanguage":"fr-FR","@id":"https:\/\/priorityexpress.ca\/fr\/decontamination\/#primaryimage","url":"https:\/\/priorityexpress.ca\/wp-content\/uploads\/2024\/12\/decontamination-1.jpg","contentUrl":"https:\/\/priorityexpress.ca\/wp-content\/uploads\/2024\/12\/decontamination-1.jpg"},{"@type":"BreadcrumbList","@id":"https:\/\/priorityexpress.ca\/fr\/decontamination\/#breadcrumb","itemListElement":[{"@type":"ListItem","position":1,"name":"Home","item":"https:\/\/priorityexpress.ca\/fr\/"},{"@type":"ListItem","position":2,"name":"D\u00e9contamination"}]},{"@type":"WebSite","@id":"https:\/\/priorityexpress.ca\/#website","url":"https:\/\/priorityexpress.ca\/","name":"Priority Express","description":"","publisher":{"@id":"https:\/\/priorityexpress.ca\/#organization"},"potentialAction":[{"@type":"SearchAction","target":{"@type":"EntryPoint","urlTemplate":"https:\/\/priorityexpress.ca\/?s={search_term_string}"},"query-input":{"@type":"PropertyValueSpecification","valueRequired":true,"valueName":"search_term_string"}}],"inLanguage":"fr-FR"},{"@type":"Organization","@id":"https:\/\/priorityexpress.ca\/#organization","name":"Priority Express","url":"https:\/\/priorityexpress.ca\/","logo":{"@type":"ImageObject","inLanguage":"fr-FR","@id":"https:\/\/priorityexpress.ca\/#\/schema\/logo\/image\/","url":"https:\/\/priorityexpress.ca\/wp-content\/uploads\/2024\/07\/priority-express.png","contentUrl":"https:\/\/priorityexpress.ca\/wp-content\/uploads\/2024\/07\/priority-express.png","width":158,"height":81,"caption":"Priority Express"},"image":{"@id":"https:\/\/priorityexpress.ca\/#\/schema\/logo\/image\/"},"sameAs":["https:\/\/www.linkedin.com\/company\/priorite-express\/?originalSubdomain=ca"]}]}},"_links":{"self":[{"href":"https:\/\/priorityexpress.ca\/fr\/wp-json\/wp\/v2\/pages\/5294","targetHints":{"allow":["GET"]}}],"collection":[{"href":"https:\/\/priorityexpress.ca\/fr\/wp-json\/wp\/v2\/pages"}],"about":[{"href":"https:\/\/priorityexpress.ca\/fr\/wp-json\/wp\/v2\/types\/page"}],"author":[{"embeddable":true,"href":"https:\/\/priorityexpress.ca\/fr\/wp-json\/wp\/v2\/users\/3"}],"replies":[{"embeddable":true,"href":"https:\/\/priorityexpress.ca\/fr\/wp-json\/wp\/v2\/comments?post=5294"}],"version-history":[{"count":32,"href":"https:\/\/priorityexpress.ca\/fr\/wp-json\/wp\/v2\/pages\/5294\/revisions"}],"predecessor-version":[{"id":5647,"href":"https:\/\/priorityexpress.ca\/fr\/wp-json\/wp\/v2\/pages\/5294\/revisions\/5647"}],"wp:attachment":[{"href":"https:\/\/priorityexpress.ca\/fr\/wp-json\/wp\/v2\/media?parent=5294"}],"curies":[{"name":"wp","href":"https:\/\/api.w.org\/{rel}","templated":true}]}}